{"id":987,"date":"2019-01-14T14:41:38","date_gmt":"2019-01-14T12:41:38","guid":{"rendered":"http:\/\/medizincontroller.ch\/?page_id=987"},"modified":"2019-06-28T11:23:00","modified_gmt":"2019-06-28T09:23:00","slug":"tarpsy-und-swissdrg","status":"publish","type":"page","link":"https:\/\/medizincontroller.ch\/?page_id=987","title":{"rendered":"TARPSY und SwissDRG, 26. Juni 2019"},"content":{"rendered":"\n<h2><strong><em>Gemeinsamkeiten und Unterschiede zwischen TARPSY und SwissDRG<\/em><\/strong><\/h2>\n\n\n\n<p><strong>Ein Blick auf Kodierung, Fallabrechnung, ambulant vs. station\u00e4r und zuk\u00fcnftige Versorgungsstrukturen<\/strong><\/p>\n\n\n\n<p><em>26. Juni 2019, ab 13.30 Uhr<\/em><br><em>Kursaal Bern, Bellavista<\/em> <\/p>\n\n\n\n<div class=\"wp-block-file\"><a href=\"https:\/\/medizincontroller.ch\/wp-content\/uploads\/Programm-SGfM-TARPSY-SwissDRG-3.pdf\" target=\"_blank\">Programm SGfM TARPSY SwissDRG<\/a><a href=\"https:\/\/medizincontroller.ch\/wp-content\/uploads\/Programm-SGfM-TARPSY-SwissDRG-3.pdf\" class=\"wp-block-file__button\" download=\"\">Herunterladen<\/a><\/div>\n\n\n\n<h2><strong><em>Referate<\/em><\/strong><\/h2>\n\n\n\n<p><a rel=\"noreferrer noopener\" aria-label=\"Preisverhandlungen aus Sicht tarifsuisse (\u00f6ffnet in neuem Tab)\" href=\"https:\/\/medizincontroller.ch\/wp-content\/uploads\/1_2-Folgende-Referate-wurden-nicht-zur-Publikation-freigegeben.pdf\" target=\"_blank\">Preisverhandlungen aus Sicht tarifsuisse<\/a><br>Renato Laffranchi, Leiter Leistungseinkauf<br><strong>tarifsuisse AG<\/strong><\/p>\n\n\n\n<p><a rel=\"noreferrer noopener\" aria-label=\"Codierung unter TARPSY (\u00f6ffnet in neuem Tab)\" href=\"https:\/\/medizincontroller.ch\/wp-content\/uploads\/1_2-Folgende-Referate-wurden-nicht-zur-Publikation-freigegeben.pdf\" target=\"_blank\">Codierung unter TARPSY<\/a><br>Patric Fuchs, Leiter Medizincontrolling<br><strong>SR RWS<\/strong><\/p>\n\n\n\n<p>Freitextanalyse &#8211; L\u00f6sungen zur Codierunterst\u00fctzung<br>Peter Michael Jarnicki<br><strong>ID Suisse AG<\/strong><\/p>\n\n\n\n<p><a rel=\"noreferrer noopener\" aria-label=\"\u00c4rzte und TARPSY - Controlling oder Kontrolle? (\u00f6ffnet in neuem Tab)\" href=\"https:\/\/medizincontroller.ch\/wp-content\/uploads\/4_-Ruiz-SGfM-Tagung_Teil-PDGR.pdf\" target=\"_blank\">\u00c4rzte und TARPSY &#8211; Controlling oder Kontrolle?<\/a><br>Andreas Schneeberger, \u00c4rztl. Direktor<br>Ricardo Ruiz, Bereichsleiter Controlling<br><strong>Psychiatrische Dienste Graub\u00fcnden<\/strong><\/p>\n\n\n\n<p><a rel=\"noreferrer noopener\" aria-label=\"Herausforderungen in den Suchtkliniken (\u00f6ffnet in neuem Tab)\" href=\"https:\/\/medizincontroller.ch\/wp-content\/uploads\/5_Hirt_Pr\u00e4sentation_Einf\u00fchrung_Tarpsy.pdf\" target=\"_blank\">Herausforderungen in den Suchtkliniken<\/a><br>Gilles Hirt, Leiter IT, Finanzen &amp; Administration<br><strong>Forel Klinik AG<\/strong><\/p>\n\n\n\n<p><a rel=\"noreferrer noopener\" aria-label=\"Weiterentwicklung TARPSY und Tarifierung an der Schnittstelle ambulant \/ station\u00e4r (\u00f6ffnet in neuem Tab)\" href=\"https:\/\/medizincontroller.ch\/wp-content\/uploads\/SGfM-Unterschiede-TARPSY-und-SwissDRG-pk.pdf\" target=\"_blank\">Gemeinsamkeiten und Unterschiede zwischen TARPSY und SwissDRG<\/a><br><strong>SwissDRG AG<\/strong><\/p>\n","protected":false},"excerpt":{"rendered":"<p>Gemeinsamkeiten und Unterschiede zwischen TARPSY und SwissDRG Ein Blick auf Kodierung, Fallabrechnung, ambulant vs. station\u00e4r und zuk\u00fcnftige Versorgungsstrukturen 26. Juni 2019, ab 13.30 UhrKursaal Bern, Bellavista Programm SGfM TARPSY SwissDRGHerunterladen Referate Preisverhandlungen aus Sicht tarifsuisseRenato Laffranchi, Leiter Leistungseinkauftarifsuisse AG Codierung unter TARPSYPatric Fuchs, Leiter MedizincontrollingSR RWS Freitextanalyse &#8211; L\u00f6sungen zur Codierunterst\u00fctzungPeter Michael JarnickiID Suisse AG \u00c4rzte und TARPSY\u2026 <span class=\"read-more\"><a href=\"https:\/\/medizincontroller.ch\/?page_id=987\">Read More &raquo;<\/a><\/span><\/p>\n","protected":false},"author":1,"featured_media":0,"parent":0,"menu_order":0,"comment_status":"closed","ping_status":"closed","template":"","meta":[],"_links":{"self":[{"href":"https:\/\/medizincontroller.ch\/index.php?rest_route=\/wp\/v2\/pages\/987"}],"collection":[{"href":"https:\/\/medizincontroller.ch\/index.php?rest_route=\/wp\/v2\/pages"}],"about":[{"href":"https:\/\/medizincontroller.ch\/index.php?rest_route=\/wp\/v2\/types\/page"}],"author":[{"embeddable":true,"href":"https:\/\/medizincontroller.ch\/index.php?rest_route=\/wp\/v2\/users\/1"}],"replies":[{"embeddable":true,"href":"https:\/\/medizincontroller.ch\/index.php?rest_route=%2Fwp%2Fv2%2Fcomments&post=987"}],"version-history":[{"count":33,"href":"https:\/\/medizincontroller.ch\/index.php?rest_route=\/wp\/v2\/pages\/987\/revisions"}],"predecessor-version":[{"id":1230,"href":"https:\/\/medizincontroller.ch\/index.php?rest_route=\/wp\/v2\/pages\/987\/revisions\/1230"}],"wp:attachment":[{"href":"https:\/\/medizincontroller.ch\/index.php?rest_route=%2Fwp%2Fv2%2Fmedia&parent=987"}],"curies":[{"name":"wp","href":"https:\/\/api.w.org\/{rel}","templated":true}]}}