{"id":700,"date":"2017-02-15T09:27:58","date_gmt":"2017-02-15T07:27:58","guid":{"rendered":"http:\/\/medizincontroller.ch\/?page_id=700"},"modified":"2017-11-14T10:07:15","modified_gmt":"2017-11-14T08:07:15","slug":"sgfm-fortbildung-26-10-2017-im-kursaal-bern","status":"publish","type":"page","link":"https:\/\/medizincontroller.ch\/?page_id=700","title":{"rendered":"SGfM Fortbildung 13.11.2017 im Kursaal Bern"},"content":{"rendered":"<p><strong><em>&#8222;Bessere Prozesse durch digitalisierte Daten:<\/em><\/strong><\/p>\n<p><strong><em>Blick auf Kodierung, Controlling und Patientenmanagement unter SwissDRG und TARPSY<\/em><\/strong><\/p>\n<p><em>Montag, 13. November 2017, <\/em><em>13.45-17.00 Uhr, <\/em><em>Kursaal Bern, <\/em><em>Bellavista<\/em><br \/>\n&nbsp;&nbsp;<\/p>\n<p>Auch im Gesundheitswesen fallen immer mehr Daten in k\u00fcrzerer Zeit an. Wie k\u00f6nnen diese Informationen zusammengef\u00fchrt und effizient ausgewertet werden? Welche Informationen lassen sich digitalisiert und (halb)automatisch weiterverwenden? Wie sehen die Arbeitspl\u00e4tze und n\u00f6tigen skills in Zukunft aus?<\/p>\n<p>Wir werfen einen Blick auf \u201eBest Practices\u201c im Bereich der Digitalisierung, Wir gehen den kritischen Fragen nach, inwiefern sich die Arbeiten und Arbeitspl\u00e4tze im Bereich Kodierung, Controlling und Patientenmanagement ver\u00e4ndern. Zudem m\u00f6chten wir aufzeigen, welche technischen M\u00f6glichkeiten tats\u00e4chlichen Mehrwert schaffen k\u00f6nnen.<\/p>\n<p><a href=\"http:\/\/medizincontroller.ch\/wp-content\/uploads\/171113-Programm-SGfM-Herbstfortbildung-Kursaal-Bellavista-SL-SH.pdf\" target=\"_blank\">Programm<\/a><\/p>\n<p>&#8222;KIS 4.0 &#8211; Digitalisierungstrategie des LUKS \/ Kodier-Arbeitsplatz der Zukunft&#8220;, Mario Pietrini,Leiter Qualit\u00e4ts-, Risk- und DRG-Management Luzerner Kantonsspital (Das Referat ist nicht zur Publikation freigegeben)<\/p>\n<p>&#8222;Big Data im Spital: Heutige M\u00f6glichkeiten und Ausblick&#8220;, Dr. med. Rudolf M. Moos, USZ (das Referat&nbsp;fand nicht statt)<\/p>\n<p>&#8222;\u00dcbermittlung digitalisierter Daten: Anforderungen und Erwartungen&#8220;, Robert Meyer, MediData AG (Das Referat ist nicht zur Publikation freigegeben)<\/p>\n<p>&#8222;<a href=\"http:\/\/medizincontroller.ch\/wp-content\/uploads\/4_2017_SGfM_ID_Berlin_Public.pdf\">Medizinische Akten: Ans\u00e4tze zur Strukturierung und Weiterverwendung&#8220; <\/a>, Andr\u00e9 Sander, ID Suisse AG<\/p>\n<p>&#8222;<a href=\"http:\/\/medizincontroller.ch\/wp-content\/uploads\/5_datenlieferung-swissdrg.pdf\">Datenhandling in der SwissDRG AG: Qualit\u00e4t und Quantit\u00e4t<\/a>&#8220; , Lukas Nick, Leiter Informatik SwissDRG AG<\/p>\n<p>&#8222;<a href=\"http:\/\/medizincontroller.ch\/wp-content\/uploads\/6_-Referat-Locher.pdf\">Diskussionsbeitrag zur Absch\u00e4tzung des Personalbedarfs in der Kodierung im Spital<\/a>&#8220; , Heinz Locher, Beratungen<\/p>\n<p>&nbsp;<\/p>\n<p>&nbsp;<\/p>\n","protected":false},"excerpt":{"rendered":"<p>&#8222;Bessere Prozesse durch digitalisierte Daten: Blick auf Kodierung, Controlling und Patientenmanagement unter SwissDRG und TARPSY Montag, 13. November 2017, 13.45-17.00 Uhr, Kursaal Bern, Bellavista &nbsp;&nbsp; Auch im Gesundheitswesen fallen immer mehr Daten in k\u00fcrzerer Zeit an. Wie k\u00f6nnen diese Informationen zusammengef\u00fchrt und effizient ausgewertet werden? Welche Informationen lassen sich digitalisiert und (halb)automatisch weiterverwenden? Wie sehen die Arbeitspl\u00e4tze und\u2026 <span class=\"read-more\"><a href=\"https:\/\/medizincontroller.ch\/?page_id=700\">Read More &raquo;<\/a><\/span><\/p>\n","protected":false},"author":1,"featured_media":0,"parent":0,"menu_order":0,"comment_status":"closed","ping_status":"closed","template":"","meta":[],"_links":{"self":[{"href":"https:\/\/medizincontroller.ch\/index.php?rest_route=\/wp\/v2\/pages\/700"}],"collection":[{"href":"https:\/\/medizincontroller.ch\/index.php?rest_route=\/wp\/v2\/pages"}],"about":[{"href":"https:\/\/medizincontroller.ch\/index.php?rest_route=\/wp\/v2\/types\/page"}],"author":[{"embeddable":true,"href":"https:\/\/medizincontroller.ch\/index.php?rest_route=\/wp\/v2\/users\/1"}],"replies":[{"embeddable":true,"href":"https:\/\/medizincontroller.ch\/index.php?rest_route=%2Fwp%2Fv2%2Fcomments&post=700"}],"version-history":[{"count":14,"href":"https:\/\/medizincontroller.ch\/index.php?rest_route=\/wp\/v2\/pages\/700\/revisions"}],"predecessor-version":[{"id":785,"href":"https:\/\/medizincontroller.ch\/index.php?rest_route=\/wp\/v2\/pages\/700\/revisions\/785"}],"wp:attachment":[{"href":"https:\/\/medizincontroller.ch\/index.php?rest_route=%2Fwp%2Fv2%2Fmedia&parent=700"}],"curies":[{"name":"wp","href":"https:\/\/api.w.org\/{rel}","templated":true}]}}