{"id":415,"date":"2015-07-24T08:00:54","date_gmt":"2015-07-24T06:00:54","guid":{"rendered":"http:\/\/medizincontroller.ch\/?page_id=415"},"modified":"2015-12-04T09:13:50","modified_gmt":"2015-12-04T07:13:50","slug":"fortbildung-02-12-2015-inselspital-bern","status":"publish","type":"page","link":"https:\/\/medizincontroller.ch\/?page_id=415","title":{"rendered":"Fortbildung 02.12.2015, Inselspital Bern"},"content":{"rendered":"<p><strong><em>Fokus SwissDRG 5.0: Herausforderung Kodierung &#8211; Kostentr\u00e4gerrechnung &#8211; Datenqualit\u00e4t f\u00fcr die interne Prozess- und Erl\u00f6ssteuerung<\/em><\/strong><\/p>\n<p><em>Mit Blick auf die M\u00f6glichkeiten der <strong>internen Prozess- und Erl\u00f6ssteuerung<\/strong> werden von namhaften Referenten die Herausforderungen an die heutigen Daten diskutiert und konkrete L\u00f6sungen aus der Praxis vorgestellt. Dabei werden die Grundlagen im Bereich der Kodierung und Kostentr\u00e4gerrechnung beleuchtet, welche dann zu einem <strong>sachgerechten Benchmark<\/strong> genutzt werden k\u00f6nnen.<\/em><\/p>\n<p>Anbei <a href=\"http:\/\/medizincontroller.ch\/wp-content\/uploads\/151202_Programm_Anmeldung.pdf\">Programm und Anmeldung<\/a><\/p>\n<p><a href=\"http:\/\/medizincontroller.ch\/wp-content\/uploads\/1_P.Besson-Herausforderungen-Kostentr\u00e4gerrechnung-_def.pdf\">1_P.Besson Herausforderungen Kostentr\u00e4gerrechnung <\/a><\/p>\n<p><a href=\"http:\/\/medizincontroller.ch\/wp-content\/uploads\/2_C.Haas-interne-Steuerung.pdf\">2_C.Haas interne Steuerung<\/a><\/p>\n<p><a href=\"http:\/\/medizincontroller.ch\/wp-content\/uploads\/3_R.-Guidon-Datenvalidierung.pdf\">3_R. Guidon Datenvalidierung<\/a><\/p>\n<p><a href=\"http:\/\/medizincontroller.ch\/wp-content\/uploads\/4_M.Werners-O.Endrich-_Datenqualita\u0308t.pdf\">4_<\/a><a href=\"http:\/\/medizincontroller.ch\/wp-content\/uploads\/4_M.Werners-O.Endrich-_Datenqualita\u0308t.pdf\">M.Werners O.Endrich _Datenqualita\u0308t<\/a><\/p>\n<p><a href=\"http:\/\/medizincontroller.ch\/wp-content\/uploads\/5_R.-Kissling_Sicherstellung-Kodierqualit\u00e4t.pdf\">5_R. Kissling_Sicherstellung Kodierqualit\u00e4t<\/a><\/p>\n<p><a href=\"http:\/\/medizincontroller.ch\/wp-content\/uploads\/6_A.-Krass-Gute-Kodierung-setzt-gute-Dokumentation-voraus.pdf\">6_A. Krass Gute Kodierung setzt gute Dokumentation voraus<\/a><\/p>\n<p><a href=\"http:\/\/medizincontroller.ch\/wp-content\/uploads\/7_S.-Hebenstreit-Optimierung-Kodierqualit\u00e4t.pdf\">7_S. Hebenstreit Optimierung Kodierqualit\u00e4t<\/a><\/p>\n<p>&nbsp;<\/p>\n","protected":false},"excerpt":{"rendered":"<p>Fokus SwissDRG 5.0: Herausforderung Kodierung &#8211; Kostentr\u00e4gerrechnung &#8211; Datenqualit\u00e4t f\u00fcr die interne Prozess- und Erl\u00f6ssteuerung Mit Blick auf die M\u00f6glichkeiten der internen Prozess- und Erl\u00f6ssteuerung werden von namhaften Referenten die Herausforderungen an die heutigen Daten diskutiert und konkrete L\u00f6sungen aus der Praxis vorgestellt. Dabei werden die Grundlagen im Bereich der Kodierung und Kostentr\u00e4gerrechnung beleuchtet, welche dann zu einem\u2026 <span class=\"read-more\"><a href=\"https:\/\/medizincontroller.ch\/?page_id=415\">Read More &raquo;<\/a><\/span><\/p>\n","protected":false},"author":1,"featured_media":0,"parent":0,"menu_order":0,"comment_status":"closed","ping_status":"open","template":"","meta":[],"_links":{"self":[{"href":"https:\/\/medizincontroller.ch\/index.php?rest_route=\/wp\/v2\/pages\/415"}],"collection":[{"href":"https:\/\/medizincontroller.ch\/index.php?rest_route=\/wp\/v2\/pages"}],"about":[{"href":"https:\/\/medizincontroller.ch\/index.php?rest_route=\/wp\/v2\/types\/page"}],"author":[{"embeddable":true,"href":"https:\/\/medizincontroller.ch\/index.php?rest_route=\/wp\/v2\/users\/1"}],"replies":[{"embeddable":true,"href":"https:\/\/medizincontroller.ch\/index.php?rest_route=%2Fwp%2Fv2%2Fcomments&post=415"}],"version-history":[{"count":17,"href":"https:\/\/medizincontroller.ch\/index.php?rest_route=\/wp\/v2\/pages\/415\/revisions"}],"predecessor-version":[{"id":496,"href":"https:\/\/medizincontroller.ch\/index.php?rest_route=\/wp\/v2\/pages\/415\/revisions\/496"}],"wp:attachment":[{"href":"https:\/\/medizincontroller.ch\/index.php?rest_route=%2Fwp%2Fv2%2Fmedia&parent=415"}],"curies":[{"name":"wp","href":"https:\/\/api.w.org\/{rel}","templated":true}]}}