{"id":3216,"date":"2025-08-08T14:51:38","date_gmt":"2025-08-08T12:51:38","guid":{"rendered":"https:\/\/medizincontroller.ch\/?page_id=3216"},"modified":"2025-09-30T16:08:24","modified_gmt":"2025-09-30T14:08:24","slug":"sgfm-herbsttagung-2025","status":"publish","type":"page","link":"https:\/\/medizincontroller.ch\/?page_id=3216","title":{"rendered":"SGfM Herbsttagung 2025"},"content":{"rendered":"\n<p>Datum: <br><strong>24. September 2025<\/strong><\/p>\n\n\n\n<p>Ort:<br>H\u00f6rsaal A, Geb\u00e4ude Forschung und Lehre, <strong>Kinderspital Z\u00fcrich<\/strong><\/p>\n\n\n\n<p>Titel der Tagung:<br><strong>Technische Unterst\u00fctzung Medizinische Codierung<\/strong><\/p>\n\n\n\n<p><\/p>\n\n\n\n<div class=\"wp-container-1 wp-block-buttons\">\n<div class=\"wp-block-button\"><a class=\"wp-block-button__link\" href=\"https:\/\/medizincontroller.ch\/wp-content\/uploads\/2025_SGfM_Herbstmeeting_Codierunterstuetzung.pdf\" target=\"_blank\" rel=\"noreferrer noopener\">Programm<\/a><\/div>\n\n\n\n<div class=\"wp-block-button\"><a class=\"wp-block-button__link\" href=\"https:\/\/medizincontroller.ch\/?page_id=3231\" target=\"_blank\" rel=\"noreferrer noopener\">Pr\u00e4sentationen<\/a><\/div>\n<\/div>\n","protected":false},"excerpt":{"rendered":"<p>Datum: 24. September 2025 Ort:H\u00f6rsaal A, Geb\u00e4ude Forschung und Lehre, Kinderspital Z\u00fcrich Titel der Tagung:Technische Unterst\u00fctzung Medizinische Codierung<\/p>\n","protected":false},"author":9,"featured_media":0,"parent":0,"menu_order":0,"comment_status":"closed","ping_status":"closed","template":"","meta":[],"_links":{"self":[{"href":"https:\/\/medizincontroller.ch\/index.php?rest_route=\/wp\/v2\/pages\/3216"}],"collection":[{"href":"https:\/\/medizincontroller.ch\/index.php?rest_route=\/wp\/v2\/pages"}],"about":[{"href":"https:\/\/medizincontroller.ch\/index.php?rest_route=\/wp\/v2\/types\/page"}],"author":[{"embeddable":true,"href":"https:\/\/medizincontroller.ch\/index.php?rest_route=\/wp\/v2\/users\/9"}],"replies":[{"embeddable":true,"href":"https:\/\/medizincontroller.ch\/index.php?rest_route=%2Fwp%2Fv2%2Fcomments&post=3216"}],"version-history":[{"count":3,"href":"https:\/\/medizincontroller.ch\/index.php?rest_route=\/wp\/v2\/pages\/3216\/revisions"}],"predecessor-version":[{"id":3242,"href":"https:\/\/medizincontroller.ch\/index.php?rest_route=\/wp\/v2\/pages\/3216\/revisions\/3242"}],"wp:attachment":[{"href":"https:\/\/medizincontroller.ch\/index.php?rest_route=%2Fwp%2Fv2%2Fmedia&parent=3216"}],"curies":[{"name":"wp","href":"https:\/\/api.w.org\/{rel}","templated":true}]}}