{"id":3187,"date":"2025-05-26T09:44:32","date_gmt":"2025-05-26T07:44:32","guid":{"rendered":"https:\/\/medizincontroller.ch\/?page_id=3187"},"modified":"2025-06-02T11:16:33","modified_gmt":"2025-06-02T09:16:33","slug":"praesentationen-sgfm-fruehjahresmeeting-2025","status":"publish","type":"page","link":"https:\/\/medizincontroller.ch\/?page_id=3187","title":{"rendered":"Pr\u00e4sentationen: SGfM Fr\u00fchjahresmeeting 2025"},"content":{"rendered":"\n<ul><li>Pr\u00e4sentation SGfM: Tagungsprogramm<br><a href=\"https:\/\/medizincontroller.ch\/wp-content\/uploads\/250130-Programm-SGfM-Fruehjahrsmeeting-3.-Juni-2025-LUKS-def-1-1.pdf\" data-type=\"URL\" data-id=\"https:\/\/medizincontroller.ch\/wp-content\/uploads\/250130-Programm-SGfM-Fruehjahrsmeeting-3.-Juni-2025-LUKS-def-1-1.pdf\" target=\"_blank\" rel=\"noreferrer noopener\">Startfolien SGfM Workshop Tagungsprogramm <\/a><\/li><\/ul>\n\n\n\n<ul><li>Franziska Schl\u00e4gel, <strong>SwissDRG AG<\/strong><br><a href=\"https:\/\/medizincontroller.ch\/wp-content\/uploads\/20250603-SGfM-Antragsverfahren.pdf\" data-type=\"URL\" data-id=\"https:\/\/medizincontroller.ch\/wp-content\/uploads\/20250603-SGfM-Antragsverfahren.pdf\" target=\"_blank\" rel=\"noreferrer noopener\">Die Rolle und die Bed\u00fcrfnisse des Tarifstrukturenentwicklers: Wie sieht ein guter Antrag aus?<\/a><\/li><\/ul>\n\n\n\n<ul><li>Patrick Dreher, <strong>Bundesamt f\u00fcr Statistik<\/strong><br><a href=\"https:\/\/medizincontroller.ch\/wp-content\/uploads\/03.06.2025_SGfM_BFS.pdf\" data-type=\"URL\" data-id=\"https:\/\/medizincontroller.ch\/wp-content\/uploads\/03.06.2025_SGfM_BFS.pdf\" target=\"_blank\" rel=\"noreferrer noopener\">Die Bed\u00fcrfnisse des BFS: Bearbeitung von Antr\u00e4gen zu den Klassifikationen<\/a><\/li><\/ul>\n\n\n\n<ul><li>Mirjam Rufer, <strong>FMH<\/strong><br><a href=\"https:\/\/medizincontroller.ch\/wp-content\/uploads\/2025-05-30_Praesentation-SGfM_2025_FMH_-Mirjam-Rufer.pdf\" data-type=\"URL\" data-id=\"https:\/\/medizincontroller.ch\/wp-content\/uploads\/2025-05-30_Praesentation-SGfM_2025_FMH_-Mirjam-Rufer.pdf\" target=\"_blank\" rel=\"noreferrer noopener\">Koordination von Antr\u00e4gen durch die Leistungserbringer und Fachgesellschaften<\/a><\/li><\/ul>\n\n\n\n<ul><li>Kristina Mircetic, <strong>OAAT AG<\/strong><br><a href=\"https:\/\/medizincontroller.ch\/wp-content\/uploads\/250603-Gastvortrag-SGfM-Antragsverfahren.pdf\" data-type=\"URL\" data-id=\"https:\/\/medizincontroller.ch\/wp-content\/uploads\/250603-Gastvortrag-SGfM-Antragsverfahren.pdf\" target=\"_blank\" rel=\"noreferrer noopener\">Antragsverfahren f\u00fcr die ambulanten Tarife<\/a><\/li><\/ul>\n\n\n\n<ul><li>Prof. Dr. med. Michele Genoni, <strong>FMCH<\/strong><br><a href=\"https:\/\/medizincontroller.ch\/wp-content\/uploads\/2025-06-03-SGfM.pdf\" data-type=\"URL\" data-id=\"https:\/\/medizincontroller.ch\/wp-content\/uploads\/2025-06-03-SGfM.pdf\" target=\"_blank\" rel=\"noreferrer noopener\">Einflussnahme im station\u00e4ren und ambulanten Tarifbereich aus Sicht der Fachgesellschaften<\/a><\/li><\/ul>\n","protected":false},"excerpt":{"rendered":"<p>Pr\u00e4sentation SGfM: TagungsprogrammStartfolien SGfM Workshop Tagungsprogramm Franziska Schl\u00e4gel, SwissDRG AGDie Rolle und die Bed\u00fcrfnisse des Tarifstrukturenentwicklers: Wie sieht ein guter Antrag aus? Patrick Dreher, Bundesamt f\u00fcr StatistikDie Bed\u00fcrfnisse des BFS: Bearbeitung von Antr\u00e4gen zu den Klassifikationen Mirjam Rufer, FMHKoordination von Antr\u00e4gen durch die Leistungserbringer und Fachgesellschaften Kristina Mircetic, OAAT AGAntragsverfahren f\u00fcr die ambulanten Tarife Prof. Dr. med. Michele\u2026 <span class=\"read-more\"><a href=\"https:\/\/medizincontroller.ch\/?page_id=3187\">Read More &raquo;<\/a><\/span><\/p>\n","protected":false},"author":9,"featured_media":0,"parent":0,"menu_order":0,"comment_status":"closed","ping_status":"closed","template":"","meta":[],"_links":{"self":[{"href":"https:\/\/medizincontroller.ch\/index.php?rest_route=\/wp\/v2\/pages\/3187"}],"collection":[{"href":"https:\/\/medizincontroller.ch\/index.php?rest_route=\/wp\/v2\/pages"}],"about":[{"href":"https:\/\/medizincontroller.ch\/index.php?rest_route=\/wp\/v2\/types\/page"}],"author":[{"embeddable":true,"href":"https:\/\/medizincontroller.ch\/index.php?rest_route=\/wp\/v2\/users\/9"}],"replies":[{"embeddable":true,"href":"https:\/\/medizincontroller.ch\/index.php?rest_route=%2Fwp%2Fv2%2Fcomments&post=3187"}],"version-history":[{"count":4,"href":"https:\/\/medizincontroller.ch\/index.php?rest_route=\/wp\/v2\/pages\/3187\/revisions"}],"predecessor-version":[{"id":3201,"href":"https:\/\/medizincontroller.ch\/index.php?rest_route=\/wp\/v2\/pages\/3187\/revisions\/3201"}],"wp:attachment":[{"href":"https:\/\/medizincontroller.ch\/index.php?rest_route=%2Fwp%2Fv2%2Fmedia&parent=3187"}],"curies":[{"name":"wp","href":"https:\/\/api.w.org\/{rel}","templated":true}]}}