{"id":3155,"date":"2025-02-05T15:46:52","date_gmt":"2025-02-05T13:46:52","guid":{"rendered":"https:\/\/medizincontroller.ch\/?page_id=3155"},"modified":"2025-02-05T15:47:32","modified_gmt":"2025-02-05T13:47:32","slug":"jahrestagung-der-plattform-qualitaetsmedizin-2025","status":"publish","type":"page","link":"https:\/\/medizincontroller.ch\/?page_id=3155","title":{"rendered":"Jahrestagung der Plattform Qualit\u00e4tsmedizin 2025"},"content":{"rendered":"\n<p>Die kommende Tagung der Plattform Qualit\u00e4tsmedizin Schweiz wird am&nbsp;<strong>19.<\/strong>&nbsp;<strong>November 2025<\/strong>&nbsp;in der Aula im&nbsp;<strong>PROGR<\/strong>,&nbsp;in Bern stattfinden, unter dem Titel:<\/p>\n\n\n\n<p><strong><em>Qualit\u00e4tsvertr\u00e4ge und EFAS: Chancen f\u00fcr ein neues Qualit\u00e4tsbewusstsein?<\/em><\/strong><\/p>\n\n\n\n<div class=\"wp-container-1 wp-block-buttons\">\n<div class=\"wp-block-button\"><a class=\"wp-block-button__link\" href=\"https:\/\/www.qualitaetsmedizin.ch\/veranstaltung\/\" target=\"_blank\" rel=\"noreferrer noopener\">Programm und Anmeldung<\/a><\/div>\n<\/div>\n","protected":false},"excerpt":{"rendered":"<p>Die kommende Tagung der Plattform Qualit\u00e4tsmedizin Schweiz wird am&nbsp;19.&nbsp;November 2025&nbsp;in der Aula im&nbsp;PROGR,&nbsp;in Bern stattfinden, unter dem Titel: Qualit\u00e4tsvertr\u00e4ge und EFAS: Chancen f\u00fcr ein neues Qualit\u00e4tsbewusstsein?<\/p>\n","protected":false},"author":9,"featured_media":0,"parent":0,"menu_order":0,"comment_status":"closed","ping_status":"closed","template":"","meta":[],"_links":{"self":[{"href":"https:\/\/medizincontroller.ch\/index.php?rest_route=\/wp\/v2\/pages\/3155"}],"collection":[{"href":"https:\/\/medizincontroller.ch\/index.php?rest_route=\/wp\/v2\/pages"}],"about":[{"href":"https:\/\/medizincontroller.ch\/index.php?rest_route=\/wp\/v2\/types\/page"}],"author":[{"embeddable":true,"href":"https:\/\/medizincontroller.ch\/index.php?rest_route=\/wp\/v2\/users\/9"}],"replies":[{"embeddable":true,"href":"https:\/\/medizincontroller.ch\/index.php?rest_route=%2Fwp%2Fv2%2Fcomments&post=3155"}],"version-history":[{"count":2,"href":"https:\/\/medizincontroller.ch\/index.php?rest_route=\/wp\/v2\/pages\/3155\/revisions"}],"predecessor-version":[{"id":3158,"href":"https:\/\/medizincontroller.ch\/index.php?rest_route=\/wp\/v2\/pages\/3155\/revisions\/3158"}],"wp:attachment":[{"href":"https:\/\/medizincontroller.ch\/index.php?rest_route=%2Fwp%2Fv2%2Fmedia&parent=3155"}],"curies":[{"name":"wp","href":"https:\/\/api.w.org\/{rel}","templated":true}]}}