{"id":2646,"date":"2022-11-16T09:22:22","date_gmt":"2022-11-16T07:22:22","guid":{"rendered":"https:\/\/medizincontroller.ch\/?page_id=2646"},"modified":"2023-12-22T15:37:44","modified_gmt":"2023-12-22T13:37:44","slug":"jahrestagung-der-plattform-qualitaetsmedizin-schweiz-2023","status":"publish","type":"page","link":"https:\/\/medizincontroller.ch\/?page_id=2646","title":{"rendered":"Jahrestagung der Plattform Qualit\u00e4tsmedizin Schweiz 2023"},"content":{"rendered":"\n<p>Die kommende Tagung der Plattform Qualit\u00e4tsmedizin Schweiz wird am <strong>16.<\/strong> <strong>November 2023<\/strong> im <strong>Theatersaal&nbsp;Hotel National<\/strong>&nbsp;in Bern stattfinden, unter dem Titel:<\/p>\n\n\n\n<p><strong><em>Qualit\u00e4t f\u00f6rdern statt Quantit\u00e4t steuern: Value based Versorgungs- und Versicherungsmodelle<\/em><\/strong><\/p>\n\n\n<a class=\"maxbutton-1 maxbutton maxbutton-test\" target=\"_blank\" rel=\"nofollow noopener\" href=\"https:\/\/www.qualitaetsmedizin.ch\/veranstaltung\/\" download=\"\"><span class='mb-text'>Programm und Anmeldung: Plattform Qualit\u00e4tsmedizin<\/span><\/a>\n","protected":false},"excerpt":{"rendered":"<p>Die kommende Tagung der Plattform Qualit\u00e4tsmedizin Schweiz wird am 16. November 2023 im Theatersaal&nbsp;Hotel National&nbsp;in Bern stattfinden, unter dem Titel: Qualit\u00e4t f\u00f6rdern statt Quantit\u00e4t steuern: Value based Versorgungs- und Versicherungsmodelle<\/p>\n","protected":false},"author":7,"featured_media":0,"parent":0,"menu_order":0,"comment_status":"closed","ping_status":"closed","template":"","meta":[],"_links":{"self":[{"href":"https:\/\/medizincontroller.ch\/index.php?rest_route=\/wp\/v2\/pages\/2646"}],"collection":[{"href":"https:\/\/medizincontroller.ch\/index.php?rest_route=\/wp\/v2\/pages"}],"about":[{"href":"https:\/\/medizincontroller.ch\/index.php?rest_route=\/wp\/v2\/types\/page"}],"author":[{"embeddable":true,"href":"https:\/\/medizincontroller.ch\/index.php?rest_route=\/wp\/v2\/users\/7"}],"replies":[{"embeddable":true,"href":"https:\/\/medizincontroller.ch\/index.php?rest_route=%2Fwp%2Fv2%2Fcomments&post=2646"}],"version-history":[{"count":7,"href":"https:\/\/medizincontroller.ch\/index.php?rest_route=\/wp\/v2\/pages\/2646\/revisions"}],"predecessor-version":[{"id":2915,"href":"https:\/\/medizincontroller.ch\/index.php?rest_route=\/wp\/v2\/pages\/2646\/revisions\/2915"}],"wp:attachment":[{"href":"https:\/\/medizincontroller.ch\/index.php?rest_route=%2Fwp%2Fv2%2Fmedia&parent=2646"}],"curies":[{"name":"wp","href":"https:\/\/api.w.org\/{rel}","templated":true}]}}