{"id":261,"date":"2014-11-07T11:01:45","date_gmt":"2014-11-07T09:01:45","guid":{"rendered":"http:\/\/medizincontroller.ch\/?page_id=261"},"modified":"2019-11-13T09:56:05","modified_gmt":"2019-11-13T07:56:05","slug":"jobboerse-inserieren","status":"publish","type":"page","link":"https:\/\/medizincontroller.ch\/?page_id=261","title":{"rendered":"Inserieren"},"content":{"rendered":"<p><strong>Sie suchen motiviertes Fachpersonal? \u2013 Inserate zielgerichtet schalten<\/strong><\/p>\n<div id=\"wrapper\" class=\"hfeed\">\n<div id=\"main\">\n<div id=\"container_wrap\" class=\"container-page equal_height right-1-col\">\n<div id=\"container\">\n<div id=\"content\">\n<article id=\"post-854\" class=\"post-854 page type-page status-publish hentry content-page\">\n<div class=\"entry-content\">\n<p>Die Stellenb\u00f6rse von SGfM, Qualit\u00e4tsmedizin Schweiz&nbsp;und weiteren Gesundheitspartnern \u00f6ffnet Ihnen den Zugang zu qualifiziertem Fachpersonal besonders in den Bereichen \u201e<strong>Medizinische Kodierung, Medizinisches Controlling, Betriebswirtschaft, Rechnungspr\u00fcfung, Arztadministration, Spitalf\u00fchrung, Spitalmanagement und Qualit\u00e4tsmanagement<\/strong>\u201c. Sie haben mit einem Inserat die M\u00f6glichkeit diese Zielgruppen im Gesundheitswesen innerhalb von Spit\u00e4lern, Kantonen, Sozialversicherern, Beh\u00f6rden, etc. direkt zu adressieren.<\/p>\n<p>Wir weisen im Schnitt t\u00e4glich \u00fcber 1\u2018600 Einzelbesucher mit w\u00f6chentlich mehr als 50.000 Pageviews aus.<\/p>\n<p><strong>Kosten<\/strong>:&nbsp;&nbsp;&nbsp;Einzelinserat&nbsp; CHF 300,- f\u00fcr 8 Wochen<\/p>\n<p style=\"padding-left: 60px;\">Dauerinserat&nbsp; CHF 500,- f\u00fcr 12 Monate<\/p>\n<p style=\"padding-left: 60px;\">Stellenanzeige mit mehreren Stellen: Basispreis CHF 300.- + CHF 150.- je&nbsp; weitere Stelle<\/p>\n<p>Bitte senden Sie eine E-Mail an <a href=\"mailto:sekretariat@medizincontroller.ch\">sekretariat@medizincontroller.ch<\/a> mit folgenden Daten:<\/p>\n<ul>\n<li>dem Namen Ihrer Firma<\/li>\n<li>Bezeichnung der gesuchten Stelle<\/li>\n<li>Kurzbeschreibung der Stelle und\/oder Anzeige als PDF-Datei im Firmenlayout<\/li>\n<li>Angebotsort und Rechnungsadresse<\/li>\n<li>gew\u00fcnschtes Erscheinungsdatum und Erscheinungsdauer<\/li>\n<\/ul>\n<p>Im Leistungspaket enthalten sind:<\/p>\n<ul>\n<li>Verlinkung auf Ihr Internetangebot \/ Stellenausschreibung auf Ihren Webseiten<\/li>\n<li>Publikation der Stellenanzeige im Bereich \u201cStellenb\u00f6rse\u201d f\u00fcr die gew\u00e4hlte Dauer<\/li>\n<li>Einbindung einer von Ihnen gestalteten Anzeige mit Firmenlogo als Bild oder PDF.<\/li>\n<\/ul>\n<\/div>\n<\/article>\n<\/div>\n<\/div>\n<\/div>\n<\/div>\n<\/div>\n","protected":false},"excerpt":{"rendered":"<p>Sie suchen motiviertes Fachpersonal? \u2013 Inserate zielgerichtet schalten Die Stellenb\u00f6rse von SGfM, Qualit\u00e4tsmedizin Schweiz&nbsp;und weiteren Gesundheitspartnern \u00f6ffnet Ihnen den Zugang zu qualifiziertem Fachpersonal besonders in den Bereichen \u201eMedizinische Kodierung, Medizinisches Controlling, Betriebswirtschaft, Rechnungspr\u00fcfung, Arztadministration, Spitalf\u00fchrung, Spitalmanagement und Qualit\u00e4tsmanagement\u201c. Sie haben mit einem Inserat die M\u00f6glichkeit diese Zielgruppen im Gesundheitswesen innerhalb von Spit\u00e4lern, Kantonen, Sozialversicherern, Beh\u00f6rden, etc. direkt zu\u2026 <span class=\"read-more\"><a href=\"https:\/\/medizincontroller.ch\/?page_id=261\">Read More &raquo;<\/a><\/span><\/p>\n","protected":false},"author":1,"featured_media":0,"parent":0,"menu_order":0,"comment_status":"closed","ping_status":"open","template":"","meta":[],"_links":{"self":[{"href":"https:\/\/medizincontroller.ch\/index.php?rest_route=\/wp\/v2\/pages\/261"}],"collection":[{"href":"https:\/\/medizincontroller.ch\/index.php?rest_route=\/wp\/v2\/pages"}],"about":[{"href":"https:\/\/medizincontroller.ch\/index.php?rest_route=\/wp\/v2\/types\/page"}],"author":[{"embeddable":true,"href":"https:\/\/medizincontroller.ch\/index.php?rest_route=\/wp\/v2\/users\/1"}],"replies":[{"embeddable":true,"href":"https:\/\/medizincontroller.ch\/index.php?rest_route=%2Fwp%2Fv2%2Fcomments&post=261"}],"version-history":[{"count":11,"href":"https:\/\/medizincontroller.ch\/index.php?rest_route=\/wp\/v2\/pages\/261\/revisions"}],"predecessor-version":[{"id":1402,"href":"https:\/\/medizincontroller.ch\/index.php?rest_route=\/wp\/v2\/pages\/261\/revisions\/1402"}],"wp:attachment":[{"href":"https:\/\/medizincontroller.ch\/index.php?rest_route=%2Fwp%2Fv2%2Fmedia&parent=261"}],"curies":[{"name":"wp","href":"https:\/\/api.w.org\/{rel}","templated":true}]}}