{"id":2,"date":"2014-08-12T17:38:35","date_gmt":"2014-08-12T17:38:35","guid":{"rendered":"http:\/\/medizincontroller.ch\/?page_id=2"},"modified":"2025-05-01T14:12:11","modified_gmt":"2025-05-01T12:12:11","slug":"home","status":"publish","type":"page","link":"https:\/\/medizincontroller.ch\/?page_id=2","title":{"rendered":"Home"},"content":{"rendered":"\n<p>Medizincontrolling gilt als Schnittstelle zwischen medizinischen und administrativen Diensten, um Struktur-, Prozess- und Ergebnisqualit\u00e4t der medizinischen Dienstleistungen zu \u00fcberpr\u00fcfen und anzugleichen. Medizincontrolling dient der Ertragsstrukturierung und Kostenoptimierung auf Unternehmensebene und h\u00f6herer Wirtschaftlichkeit im Spital. Ziele und Aufgaben der Schweiz. Gesellschaft f\u00fcr Medizincontrolling sind:<\/p>\n\n\n\n<ul><li>Regelm\u00e4ssige gesamtschweizerische Fortbildungsveranstaltungen mit fach-spezifischen Themen rund ums Medizincontrolling, DRG, TARMED etc.<\/li><li>Optimierte und verbilligte Teilnahmem\u00f6glichkeiten anderer Veranstaltungen im Gesundheitswesen.<\/li><li>Interessengemeinschaft im Medizincontrolling t\u00e4tiger Berufsgruppen.<\/li><li>Internationaler Erfahrungsaustausch.<\/li><li>Erarbeitung von Grundlagen f\u00fcr bedeutende Teilgebiete des Medizincontrollings , z.B. in Bezug auf Fallpauschalen im Spital.<\/li><li>Umsetzung von \u00c4nderungen und Erneuerungen in relevanten Bereichen des Medizincontrollings.<\/li><\/ul>\n\n\n\n<h2>Berufsbild: Aus- und Weiterbildung<\/h2>\n\n\n\n<p>Angebot des H+ Bildungszentrums: <a rel=\"noreferrer noopener\" href=\"https:\/\/hplus-bildung.ch\/lehrgaenge-und-seminare\/medizincontrolling-mc\" data-type=\"URL\" data-id=\"https:\/\/hplus-bildung.ch\/lehrgaenge-und-seminare\/medizincontrolling-mc\" target=\"_blank\">Medizincontrolling Basiskurs &#8211; MC (hplus-bildung.ch)<\/a><\/p>\n\n\n\n<p>Diverse CAS zu Management im Gesundheitswesen, Gesundheits\u00f6konomie und Public Health der <a rel=\"noreferrer noopener\" href=\"https:\/\/www.kalaidos-fh.ch\/de-CH\/Studiengaenge\/CAS-Certificate-of-Advanced-Studies-Management-of-Health-Institutions\" data-type=\"URL\" data-id=\"https:\/\/www.kalaidos-fh.ch\/de-CH\/Studiengaenge\/CAS-Certificate-of-Advanced-Studies-Management-of-Health-Institutions\" target=\"_blank\">Kalaidos Fachhochschule<\/a>, <a rel=\"noreferrer noopener\" href=\"https:\/\/es.unisg.ch\/de\/weiterbildung\/cas-systemisches-management-im-gesundheitswesen-hc18\/\" data-type=\"URL\" data-id=\"https:\/\/es.unisg.ch\/de\/weiterbildung\/cas-systemisches-management-im-gesundheitswesen-hc18\/\" target=\"_blank\">Universit\u00e4t St. Gallen<\/a>, <a rel=\"noreferrer noopener\" href=\"https:\/\/www.bfh.ch\/de\/weiterbildung\/cas\/management-gesundheitsorganisationen\/\" data-type=\"URL\" data-id=\"https:\/\/www.bfh.ch\/de\/weiterbildung\/cas\/management-gesundheitsorganisationen\/\" target=\"_blank\">Berner Fachhochschule<\/a>, <a rel=\"noreferrer noopener\" href=\"https:\/\/www.zhaw.ch\/de\/gesundheit\/weiterbildung\/detail\/kurs\/cas-gesundheitswissenschaften-und-professional-leadership\/\" data-type=\"URL\" data-id=\"https:\/\/www.zhaw.ch\/de\/gesundheit\/weiterbildung\/detail\/kurs\/cas-gesundheitswissenschaften-und-professional-leadership\/\" target=\"_blank\">ZHAW<\/a>, <a href=\"https:\/\/www.kalaidos-fh.ch\/de-CH\/Studiengaenge\/CAS-Certificate-of-Advanced-Studies-Gesundheitsmanagement-Fernstudium\" data-type=\"URL\" data-id=\"https:\/\/www.kalaidos-fh.ch\/de-CH\/Studiengaenge\/CAS-Certificate-of-Advanced-Studies-Gesundheitsmanagement-Fernstudium\">Kalaidos Fachhochschule<\/a> (Online), <a rel=\"noreferrer noopener\" href=\"https:\/\/www.ost.ch\/de\/weiterbildung\/weiterbildungsangebot\/gesundheit\/management-und-fuehrung\/cas-management-im-gesundheitswesen\" data-type=\"URL\" data-id=\"https:\/\/www.ost.ch\/de\/weiterbildung\/weiterbildungsangebot\/gesundheit\/management-und-fuehrung\/cas-management-im-gesundheitswesen\" target=\"_blank\">Ostschweizer Fachhochschule<\/a> und <a href=\"https:\/\/www.bfh.ch\/de\/weiterbildung\/cas\/gesundheitsoekonomie-public-health\/\" data-type=\"URL\" data-id=\"https:\/\/www.bfh.ch\/de\/weiterbildung\/cas\/gesundheitsoekonomie-public-health\/\">Berner Fachhochschule<\/a>.<\/p>\n\n\n\n<hr class=\"wp-block-separator has-alpha-channel-opacity\"\/>\n\n\n\n<p>Berufsfeldbeschreibung&nbsp;Medizincontroller\/in gem\u00e4ss <a rel=\"noreferrer noopener\" href=\"https:\/\/www.berufsberatung.ch\/dyn\/show\/1900?id=7713\" target=\"_blank\">berufsberatung.ch<\/a><\/p>\n\n\n\n<hr class=\"wp-block-separator has-css-opacity\"\/>\n\n\n\n<p>\u00dcber das Krankenhauscontrolling in der Schweiz<br>Quelle: f&amp;w, Ausgabe 9\/2019<br><\/p>\n\n\n\n<div class=\"wp-block-file\"><a id=\"wp-block-file--media-257df97f-43ef-46e9-855a-8a4d17484f9c\" href=\"https:\/\/medizincontroller.ch\/wp-content\/uploads\/Krankenhauscontrolling-in-der-Schweiz.pdf\" target=\"_blank\" rel=\"noreferrer noopener\">Krankenhauscontrolling in der Schweiz<\/a><a href=\"https:\/\/medizincontroller.ch\/wp-content\/uploads\/Krankenhauscontrolling-in-der-Schweiz.pdf\" class=\"wp-block-file__button\" download aria-describedby=\"wp-block-file--media-257df97f-43ef-46e9-855a-8a4d17484f9c\">Herunterladen<\/a><\/div>\n\n\n\n<hr class=\"wp-block-separator has-css-opacity\"\/>\n\n\n\n<p>Beitrag zum aktuellen Berufsbild des Medizincontrollings <br>Quelle: f&amp;w, Ausgabe 4\/2019<\/p>\n\n\n\n<div class=\"wp-block-file\"><a href=\"https:\/\/medizincontroller.ch\/wp-content\/uploads\/Berufsbild-Medizincontrolling.pdf\" target=\"_blank\" rel=\"noopener\">Berufsbild Medizincontrolling<\/a><a href=\"https:\/\/medizincontroller.ch\/wp-content\/uploads\/Berufsbild-Medizincontrolling.pdf\" class=\"wp-block-file__button\" download=\"\">Herunterladen<\/a><\/div>\n\n\n\n<hr class=\"wp-block-separator has-alpha-channel-opacity\"\/>\n\n\n\n<h2>Terminhinweis<\/h2>\n\n\n\n<p><a href=\"https:\/\/www.herbstsymposium.de\/\" data-type=\"URL\" data-id=\"https:\/\/www.herbstsymposium.de\/\" target=\"_blank\" rel=\"noreferrer noopener\">25. Herbstsymposium der Deutschen Gesellschaft f\u00fcr Medizincontrolling<\/a>\u00a0am\u00a013. und 14. Oktober 2025<\/p>\n\n\n\n<p><\/p>\n","protected":false},"excerpt":{"rendered":"<p>Medizincontrolling gilt als Schnittstelle zwischen medizinischen und administrativen Diensten, um Struktur-, Prozess- und Ergebnisqualit\u00e4t der medizinischen Dienstleistungen zu \u00fcberpr\u00fcfen und anzugleichen. Medizincontrolling dient der Ertragsstrukturierung und Kostenoptimierung auf Unternehmensebene und h\u00f6herer Wirtschaftlichkeit im Spital. Ziele und Aufgaben der Schweiz. Gesellschaft f\u00fcr Medizincontrolling sind: Regelm\u00e4ssige gesamtschweizerische Fortbildungsveranstaltungen mit fach-spezifischen Themen rund ums Medizincontrolling, DRG, TARMED etc. Optimierte und verbilligte\u2026 <span class=\"read-more\"><a href=\"https:\/\/medizincontroller.ch\/?page_id=2\">Read More &raquo;<\/a><\/span><\/p>\n","protected":false},"author":1,"featured_media":0,"parent":0,"menu_order":0,"comment_status":"closed","ping_status":"open","template":"","meta":[],"_links":{"self":[{"href":"https:\/\/medizincontroller.ch\/index.php?rest_route=\/wp\/v2\/pages\/2"}],"collection":[{"href":"https:\/\/medizincontroller.ch\/index.php?rest_route=\/wp\/v2\/pages"}],"about":[{"href":"https:\/\/medizincontroller.ch\/index.php?rest_route=\/wp\/v2\/types\/page"}],"author":[{"embeddable":true,"href":"https:\/\/medizincontroller.ch\/index.php?rest_route=\/wp\/v2\/users\/1"}],"replies":[{"embeddable":true,"href":"https:\/\/medizincontroller.ch\/index.php?rest_route=%2Fwp%2Fv2%2Fcomments&post=2"}],"version-history":[{"count":25,"href":"https:\/\/medizincontroller.ch\/index.php?rest_route=\/wp\/v2\/pages\/2\/revisions"}],"predecessor-version":[{"id":3185,"href":"https:\/\/medizincontroller.ch\/index.php?rest_route=\/wp\/v2\/pages\/2\/revisions\/3185"}],"wp:attachment":[{"href":"https:\/\/medizincontroller.ch\/index.php?rest_route=%2Fwp%2Fv2%2Fmedia&parent=2"}],"curies":[{"name":"wp","href":"https:\/\/api.w.org\/{rel}","templated":true}]}}