{"id":1851,"date":"2020-06-24T15:55:11","date_gmt":"2020-06-24T13:55:11","guid":{"rendered":"https:\/\/medizincontroller.ch\/?page_id=1851"},"modified":"2025-05-26T11:38:22","modified_gmt":"2025-05-26T09:38:22","slug":"sponsoren","status":"publish","type":"page","link":"https:\/\/medizincontroller.ch\/?page_id=1851","title":{"rendered":"Sponsoren"},"content":{"rendered":"\n<p><\/p>\n\n\n\n<h4 id=\"auf-dieser-seite-finden-sie-news-und-updates-von-unseren-sponsoren-die-seite-wird-laufend-aktualisiert\">Auf dieser Seite finden Sie News und Updates von unseren Sponsoren. Die Seite wird laufend aktualisiert.<\/h4>\n\n\n\n<p> <\/p>\n\n\n\n<hr class=\"wp-block-separator has-css-opacity\"\/>\n\n\n\n<figure class=\"wp-block-image is-resized\"><img loading=\"lazy\" src=\"https:\/\/medizincontroller.ch\/wp-content\/uploads\/Pfizer_Logo_Color_RGB.png\" alt=\"\" class=\"wp-image-1906\" width=\"275\" height=\"79\"\/><\/figure>\n\n\n\n<p>Weiterf\u00fchrende Infos unter: <a rel=\"noreferrer noopener\" href=\"https:\/\/www.pfizer.ch\/de\" target=\"_blank\">https:\/\/www.pfizer.ch\/de<\/a><\/p>\n\n\n\n<hr class=\"wp-block-separator has-css-opacity\"\/>\n\n\n\n<figure class=\"wp-block-image size-large is-resized\"><img loading=\"lazy\" src=\"https:\/\/medizincontroller.ch\/wp-content\/uploads\/Avatar-retangle-condensed-LOGEX-logo-large-1-1024x293.png\" alt=\"\" class=\"wp-image-3191\" width=\"267\" height=\"76\" srcset=\"https:\/\/medizincontroller.ch\/wp-content\/uploads\/Avatar-retangle-condensed-LOGEX-logo-large-1-1024x293.png 1024w, https:\/\/medizincontroller.ch\/wp-content\/uploads\/Avatar-retangle-condensed-LOGEX-logo-large-1-300x86.png 300w, https:\/\/medizincontroller.ch\/wp-content\/uploads\/Avatar-retangle-condensed-LOGEX-logo-large-1-768x219.png 768w, https:\/\/medizincontroller.ch\/wp-content\/uploads\/Avatar-retangle-condensed-LOGEX-logo-large-1-1536x439.png 1536w, https:\/\/medizincontroller.ch\/wp-content\/uploads\/Avatar-retangle-condensed-LOGEX-logo-large-1-665x190.png 665w, https:\/\/medizincontroller.ch\/wp-content\/uploads\/Avatar-retangle-condensed-LOGEX-logo-large-1.png 1792w\" sizes=\"(max-width: 267px) 100vw, 267px\" \/><\/figure>\n\n\n\n<p>Weiterf\u00fchrende Infos unter: <a href=\"https:\/\/www.logex.com\/\" target=\"_blank\" rel=\"noreferrer noopener\">https:\/\/www.logex.com\/<\/a><\/p>\n\n\n\n<p> Flyer: <a rel=\"noreferrer noopener\" href=\"https:\/\/medizincontroller.ch\/wp-content\/uploads\/Qlize_Flyer_Final_5.2_komprimiert.pdf\" target=\"_blank\">Qlize! Qualit\u00e4ts-Management f\u00fcr Spit\u00e4ler<\/a><\/p>\n\n\n\n<hr class=\"wp-block-separator has-css-opacity\"\/>\n\n\n\n<figure class=\"wp-block-image is-resized\"><img loading=\"lazy\" src=\"https:\/\/medizincontroller.ch\/wp-content\/uploads\/Logo_Suisse-1024x296.jpg\" alt=\"\" class=\"wp-image-1906\" width=\"290\" height=\"83\" srcset=\"https:\/\/medizincontroller.ch\/wp-content\/uploads\/Logo_Suisse-1024x296.jpg 1024w, https:\/\/medizincontroller.ch\/wp-content\/uploads\/Logo_Suisse-300x87.jpg 300w, https:\/\/medizincontroller.ch\/wp-content\/uploads\/Logo_Suisse-768x222.jpg 768w, https:\/\/medizincontroller.ch\/wp-content\/uploads\/Logo_Suisse-665x192.jpg 665w\" sizes=\"(max-width: 290px) 100vw, 290px\" \/><\/figure>\n\n\n\n<p><strong>Optimale Codierungsunterst\u00fctzung mit ID CCC<\/strong><br>Mit Hilfe der in ID CCC integrierten Freitextanalysen kann der Codierer oder Controller die entsprechende Patientenakte z\u00fcgig bearbeiten, der personelle und administrative Aufwand werden gesenkt. Codierrelevante Inhalte lassen sich aus medizinischen Dokumenten wie Arztbriefen, OP-Berichten, Pflegedokumentationen, pathologischen Befunden und Entlassbriefen auslesen. Sogar Schreib- und Grammatikfehler werden erkannt. Das Programm codiert dabei nicht automatisch, sondern macht dem Codierer Vorschl\u00e4ge zu zusatzentgeltrelevanten Leistungen, generiert Nebendiagnosen mit Erl\u00f6srelevanz, die bisher noch nicht ber\u00fccksichtigt wurden. Es schl\u00e4gt ICD oder CHOP vor und gibt sogar Medikationswarnungen.<\/p>\n\n\n\n<p>Weiterf\u00fchrende Infos unter: <a href=\"https:\/\/www.id-suisse-ag.ch\/loesungen\/abrechnung\/id-ccc\/\" target=\"_blank\" rel=\"noreferrer noopener\" aria-label=\"https:\/\/www.id-suisse-ag.ch\/loesungen\/abrechnung\/id-ccc\/ (\u00f6ffnet in neuem Tab)\">https:\/\/www.id-suisse-ag.ch\/loesungen\/abrechnung\/id-ccc\/<\/a><\/p>\n\n\n\n<hr class=\"wp-block-separator has-css-opacity\"\/>\n\n\n\n<figure class=\"wp-block-image size-large is-resized\"><img loading=\"lazy\" src=\"https:\/\/medizincontroller.ch\/wp-content\/uploads\/header_eonum-nurschriftzug-1-1-1024x328.png\" alt=\"\" class=\"wp-image-2369\" width=\"262\" height=\"84\" srcset=\"https:\/\/medizincontroller.ch\/wp-content\/uploads\/header_eonum-nurschriftzug-1-1-1024x328.png 1024w, https:\/\/medizincontroller.ch\/wp-content\/uploads\/header_eonum-nurschriftzug-1-1-300x96.png 300w, https:\/\/medizincontroller.ch\/wp-content\/uploads\/header_eonum-nurschriftzug-1-1-768x246.png 768w, https:\/\/medizincontroller.ch\/wp-content\/uploads\/header_eonum-nurschriftzug-1-1-665x213.png 665w, https:\/\/medizincontroller.ch\/wp-content\/uploads\/header_eonum-nurschriftzug-1-1.png 1149w\" sizes=\"(max-width: 262px) 100vw, 262px\" \/><\/figure>\n\n\n\n<p>eonum ist der Anbieter von&nbsp;<a rel=\"noreferrer noopener\" href=\"https:\/\/eonum.ch\/de\/casematch\/\" target=\"_blank\">Casematch<\/a>, dem webbasierten und datengest\u00fctzten Werkzeug f\u00fcr die DRG-Pr\u00fcfung und Kodierunterst\u00fctzung unter SwissDRG. Casematch ist integriert in den Kodierwerkzeugen der ID Suisse und erlaubt so ein reibungsfreies Arbeiten. Weiter kann Casematch eingesetzt werden f\u00fcr die Entwicklung und Anwendung von Patientenklassifikationssystemen und es besteht eine ambulante Version der Software f\u00fcr den Einsatz als Analysesoftware mit ambulanten Abrechnungsdaten oder als Unterst\u00fctzung der Leistungserfassung.<\/p>\n\n\n\n<hr class=\"wp-block-separator has-css-opacity\"\/>\n\n\n\n<figure class=\"wp-block-image is-resized\"><img loading=\"lazy\" src=\"https:\/\/medizincontroller.ch\/wp-content\/uploads\/3M_logo.png\" alt=\"\" class=\"wp-image-1852\" width=\"260\" height=\"49\"\/><\/figure>\n\n\n\n<p><strong>Kompetente Softwarel\u00f6sungen f\u00fcr Ihr Spital<\/strong><br>Seit vielen Jahren ist 3M Health Information Systems in der Schweiz mit diversen Softwarel\u00f6sungen<br>f\u00fcr Spit\u00e4ler, Kliniken, Gesundheitsdirektionen und Krankenkassen aktiv. Von Kodierl\u00f6sungen bis hin<br>zu umfassenden Analyse-Werkzeugen legen Sie die Basis f\u00fcr medizinische Qualit\u00e4t, reibungslose<br>Prozesse und gesicherte Erl\u00f6se. Durch unsere enge Zusammenarbeit mit Experten des Schweizer<br>Gesundheitswesens sind wir stets auf dem neuesten Stand.<\/p>\n\n\n\n<p><strong>Unsere aktuellen Produkthighlights:<\/strong><\/p>\n\n\n\n<p><strong>3M Reimbursement Audit<\/strong><br>Wir zeigen Ihnen, wie Sie m\u00f6gliche Potentiale sichern &#8211; einfach und effizient nach der Kodierung und<br>vor der Abrechnung.<\/p>\n\n\n\n<p><strong>3M M*Modal &#8211; sprachgesteuerte Dokumentation in Echtzeit<\/strong><br>Wir unterst\u00fctzen Ihre Dokumentationsprozesse mit einer intelligenten AI gest\u00fctzten Spracherkennung.<br>\u2022 Patientendossier wird direkt in hoher Qualit\u00e4t von den \u00c4rzten erstellt<br>\u2022 Im ersten Anlauf korrekt f\u00fcr die Kodierung<br>\u2022 Keine R\u00fcckfragen und Korrekturen nach dem Austritt des Patienten n\u00f6tig<\/p>\n\n\n<a class=\"maxbutton-1 maxbutton maxbutton-test\" target=\"_blank\" title=\"artikel\" rel=\"nofollow noopener\" href=\"https:\/\/www.3mschweiz.ch\/3M\/de_CH\/health-information-systems-chde\/?utm_medium=redirect&#038;utm_source=vanity-url&#038;utm_campaign=www.3mdrg.CH\" download=\"\"><span class='mb-text'>Weitere Informationen<\/span><\/a>\n\n\n\n<hr class=\"wp-block-separator has-css-opacity\"\/>\n\n\n\n<figure class=\"wp-block-image size-large is-resized\"><img loading=\"lazy\" src=\"https:\/\/medizincontroller.ch\/wp-content\/uploads\/logo_transparent_background-1024x596.png\" alt=\"\" class=\"wp-image-2490\" width=\"215\" height=\"124\" srcset=\"https:\/\/medizincontroller.ch\/wp-content\/uploads\/logo_transparent_background-1024x596.png 1024w, https:\/\/medizincontroller.ch\/wp-content\/uploads\/logo_transparent_background-300x175.png 300w, https:\/\/medizincontroller.ch\/wp-content\/uploads\/logo_transparent_background-768x447.png 768w, https:\/\/medizincontroller.ch\/wp-content\/uploads\/logo_transparent_background-1536x894.png 1536w, https:\/\/medizincontroller.ch\/wp-content\/uploads\/logo_transparent_background-2048x1193.png 2048w, https:\/\/medizincontroller.ch\/wp-content\/uploads\/logo_transparent_background-665x387.png 665w\" sizes=\"(max-width: 215px) 100vw, 215px\" \/><\/figure>\n\n\n\n<p><a rel=\"noreferrer noopener\" href=\"http:\/\/www.medcareschweiz.ch\" target=\"_blank\">medCare<\/a> verbindet digitale und humane Fachintelligenz zu Gunsten der Erl\u00f6ssicherung in den Tarifspektren Akutsomatik, Rehabilitation und Psychiatrie.<br><\/p>\n\n\n\n<p>So exemplarisch durch medCare ES, ein retrospektiv oder prospektiv (vor Erstfaktura) durchgef\u00fchrtes Projektdesign f\u00fcr die Identifikation und Sicherung von vermeidbaren DRG-Erl\u00f6sverlusten.&nbsp;<br><\/p>\n\n\n\n<p>Unsere Dienstleistungen sind zu 100% erfolgsbasiert, es besteht keinerlei Investitionsrisiko. Im Gegenteil: wir verrechnen unsere Leistungen zum ersten Mal, wenn die gemeinsam generierten Mehrerl\u00f6se bereits auf dem Kundenkonto eingetroffen sind. Dies im bewussten Sinn und mit dem Ziel, \u201cdass unsere Kunden nur gewinnen k\u00f6nnen!\u201d, finanziell wie auch beim ebenso relevanten know how Transfer zur anschliessend intern selbst\u00e4ndigen Umsetzung.<br><\/p>\n\n\n\n<p><em>medCare &#8211; Schwung durch Fokus!<\/em><\/p>\n\n\n\n<hr class=\"wp-block-separator has-css-opacity\"\/>\n","protected":false},"excerpt":{"rendered":"<p>Auf dieser Seite finden Sie News und Updates von unseren Sponsoren. Die Seite wird laufend aktualisiert. Weiterf\u00fchrende Infos unter: https:\/\/www.pfizer.ch\/de Weiterf\u00fchrende Infos unter: https:\/\/www.logex.com\/ Flyer: Qlize! Qualit\u00e4ts-Management f\u00fcr Spit\u00e4ler Optimale Codierungsunterst\u00fctzung mit ID CCCMit Hilfe der in ID CCC integrierten Freitextanalysen kann der Codierer oder Controller die entsprechende Patientenakte z\u00fcgig bearbeiten, der personelle und administrative Aufwand werden gesenkt.\u2026 <span class=\"read-more\"><a href=\"https:\/\/medizincontroller.ch\/?page_id=1851\">Read More &raquo;<\/a><\/span><\/p>\n","protected":false},"author":5,"featured_media":0,"parent":0,"menu_order":0,"comment_status":"closed","ping_status":"closed","template":"","meta":[],"_links":{"self":[{"href":"https:\/\/medizincontroller.ch\/index.php?rest_route=\/wp\/v2\/pages\/1851"}],"collection":[{"href":"https:\/\/medizincontroller.ch\/index.php?rest_route=\/wp\/v2\/pages"}],"about":[{"href":"https:\/\/medizincontroller.ch\/index.php?rest_route=\/wp\/v2\/types\/page"}],"author":[{"embeddable":true,"href":"https:\/\/medizincontroller.ch\/index.php?rest_route=\/wp\/v2\/users\/5"}],"replies":[{"embeddable":true,"href":"https:\/\/medizincontroller.ch\/index.php?rest_route=%2Fwp%2Fv2%2Fcomments&post=1851"}],"version-history":[{"count":38,"href":"https:\/\/medizincontroller.ch\/index.php?rest_route=\/wp\/v2\/pages\/1851\/revisions"}],"predecessor-version":[{"id":3193,"href":"https:\/\/medizincontroller.ch\/index.php?rest_route=\/wp\/v2\/pages\/1851\/revisions\/3193"}],"wp:attachment":[{"href":"https:\/\/medizincontroller.ch\/index.php?rest_route=%2Fwp%2Fv2%2Fmedia&parent=1851"}],"curies":[{"name":"wp","href":"https:\/\/api.w.org\/{rel}","templated":true}]}}