{"id":154,"date":"2014-10-02T19:49:50","date_gmt":"2014-10-02T17:49:50","guid":{"rendered":"http:\/\/medizincontroller.ch\/?page_id=154"},"modified":"2025-08-12T14:19:36","modified_gmt":"2025-08-12T12:19:36","slug":"veranstaltungen","status":"publish","type":"page","link":"https:\/\/medizincontroller.ch\/?page_id=154","title":{"rendered":"Veranstaltungen"},"content":{"rendered":"\n<h2><a href=\"https:\/\/medizincontroller.ch\/?page_id=3216\" data-type=\"URL\" data-id=\"https:\/\/medizincontroller.ch\/?page_id=3216\" target=\"_blank\" rel=\"noreferrer noopener\">Herbsttagung der SGfM 2025<\/a><\/h2>\n\n\n\n<h3>Technische Unterst\u00fctzung Medizinische Codierung<\/h3>\n\n\n\n<p><em><strong>Datum<\/strong><\/em>: <br>24. September 2025<\/p>\n\n\n\n<p><strong><em>Ort<\/em>:<\/strong><br>H\u00f6rsaal A, Geb\u00e4ude Forschung und Lehre, Kinderspital Z\u00fcrich<br>August-Forel-Strasse 51<br>8008 Z\u00fcrich<\/p>\n\n\n\n<div class=\"wp-container-1 wp-block-buttons\">\n<div class=\"wp-block-button\"><a class=\"wp-block-button__link\" href=\"https:\/\/medizincontroller.ch\/wp-content\/uploads\/2025_SGfM_Herbstmeeting_Codierunterstuetzung.pdf\" target=\"_blank\" rel=\"noreferrer noopener\">Programm<\/a><\/div>\n\n\n\n<div class=\"wp-block-button\"><a class=\"wp-block-button__link\" href=\"https:\/\/docs.google.com\/forms\/d\/e\/1FAIpQLSe0G9LOt4n2N8AovWHEycjsSHWZhEGPOFVwV52LeFxX1Wc28Q\/viewform\" target=\"_blank\" rel=\"noreferrer noopener\">Anmeldung<\/a><\/div>\n<\/div>\n\n\n\n<h2><a rel=\"noreferrer noopener\" href=\"https:\/\/medizincontroller.ch\/?page_id=3137\" data-type=\"URL\" data-id=\"https:\/\/medizincontroller.ch\/?page_id=3137\" target=\"_blank\">Fr\u00fchjahrestagung der SGfM 2025<\/a><\/h2>\n\n\n\n<h3><em>DRG-Systementwicklung &#8211; Herausforderung f\u00fcr die Leistungserbringer<\/em><\/h3>\n\n\n\n<p><strong><em>Datum<\/em>: <\/strong><br>3. Juni 2025<\/p>\n\n\n\n<p><strong><em>Ort<\/em>:<\/strong><br>Luzerner Kantonsspital (LUKS)<br>Spitalstrasse 34<br>6004 Luzern<\/p>\n\n\n\n<div class=\"wp-container-2 wp-block-buttons\">\n<div class=\"wp-block-button\"><a class=\"wp-block-button__link\" href=\"https:\/\/medizincontroller.ch\/wp-content\/uploads\/250130-Programm-SGfM-Fruehjahrsmeeting-3.-Juni-2025-LUKS-def-1-1.pdf\" target=\"_blank\" rel=\"noreferrer noopener\">Programm<\/a><\/div>\n\n\n\n<div class=\"wp-block-button\"><a class=\"wp-block-button__link\" href=\"https:\/\/forms.gle\/v2PgrYzZ7icfNrVEA\" target=\"_blank\" rel=\"noreferrer noopener\">Anmeldung<\/a><\/div>\n<\/div>\n\n\n\n<h2><a href=\"https:\/\/www.qualitaetsmedizin.ch\/veranstaltung\/\" data-type=\"URL\" data-id=\"https:\/\/www.qualitaetsmedizin.ch\/veranstaltung\/\">Jahrestagung der Plattform Qualit\u00e4tsmedizin Schweiz 2025<\/a><\/h2>\n\n\n\n<h3><strong><em>Qualit\u00e4tsvertr\u00e4ge und EFAS: Chancen f\u00fcr ein neues Qualit\u00e4tsbewusstsein?<\/em><\/strong><\/h3>\n\n\n\n<p><strong><em>Datum<\/em><\/strong>: <br>19. November 2025<\/p>\n\n\n\n<p><strong><em>Ort:<\/em><\/strong><br>Aula PROGR, Bern<br>Speichergasse&nbsp;4, 3011 Bern<\/p>\n\n\n\n<div class=\"wp-container-3 wp-block-buttons\">\n<div class=\"wp-block-button\"><a class=\"wp-block-button__link\" href=\"https:\/\/medizincontroller.ch\/wp-content\/uploads\/250409-Programm-Tagung-Qualitaetsmedizin-19.11.2025-PROGR.pdf\" target=\"_blank\" rel=\"noreferrer noopener\">Programm<\/a><\/div>\n\n\n\n<div class=\"wp-block-button\"><a class=\"wp-block-button__link\" href=\"https:\/\/docs.google.com\/forms\/d\/e\/1FAIpQLSfzlCUw3raofIIhRsOypUqS7EXJ0Uxf0DyjATL7jhk47xOYXQ\/viewform?pli=1\" target=\"_blank\" rel=\"noreferrer noopener\">Anmeldung<\/a><\/div>\n<\/div>\n\n\n\n<p><\/p>\n\n\n\n<hr class=\"wp-block-separator has-alpha-channel-opacity\"\/>\n\n\n\n<h2><a href=\"https:\/\/www.qualitaetsmedizin.ch\/veranstaltung\/\" data-type=\"URL\" data-id=\"https:\/\/www.qualitaetsmedizin.ch\/veranstaltung\/\">Jahrestagung der Plattform Qualit\u00e4tsmedizin Schweiz 2024<\/a><\/h2>\n\n\n\n<h3><strong><strong><em><strong><em>Patienten-orientierte Gesundheitsversorgung im KVG und VVG: G\u00fcnstiger und besser werden?<\/em><\/strong><\/em><\/strong><\/strong><\/h3>\n\n\n\n<p><strong><em>Datum<\/em><\/strong>: <br>14. November 2024 <\/p>\n\n\n\n<p><strong><em>Ort:<\/em><\/strong><br>Theatersaal <strong>Hotel National<\/strong>, <strong>Bern<\/strong><br>Hirschengraben 24, 3011 Bern<\/p>\n\n\n\n<div class=\"wp-container-4 wp-block-buttons\">\n<div class=\"wp-block-button\"><a class=\"wp-block-button__link\" href=\"https:\/\/medizincontroller.ch\/wp-content\/uploads\/241010-Programm-Tagung-Qualitaetsmedizin-14.11.2024-Hotel-National-Google-Docs.pdf\" target=\"_blank\" rel=\"noreferrer noopener\">Programm<\/a><\/div>\n<\/div>\n\n\n\n<p><\/p>\n\n\n\n<h2 id=\"fruhjahrestagung-der-sgfm-2022\"><a href=\"https:\/\/medizincontroller.ch\/?page_id=2906\" data-type=\"URL\" data-id=\"https:\/\/medizincontroller.ch\/?page_id=2906\">Herbsttagung der SGfM 2024<\/a><\/h2>\n\n\n\n<h3 id=\"ertragssteuerung-oder-medizinsteuerung-controlling-unter-swissdrg-tarpsy-und-st-reha\"><em><strong>Spit\u00e4ler im Spannungsfeld der Tarife: Angebotsplanung und Ambulantisierung<\/strong><\/em><\/h3>\n\n\n\n<p><strong><em>Datum<\/em><\/strong>: <br>24. Oktober 2024 <\/p>\n\n\n\n<p><strong><em>Ort:<\/em><\/strong><br><strong>Welle 7<\/strong>, direkt am Bahnhof <strong>Bern<\/strong><br>Schanzenstrasse 5, 3008 Bern <\/p>\n\n\n\n<div class=\"wp-container-5 wp-block-buttons\">\n<div class=\"wp-block-button\"><a class=\"wp-block-button__link\" href=\"https:\/\/medizincontroller.ch\/wp-content\/uploads\/240904-Programm-SGfM-Herbsttagung-2024-Welle7-Bern.pdf\" target=\"_blank\" rel=\"noreferrer noopener\">Programm<\/a><\/div>\n<\/div>\n\n\n\n<hr class=\"wp-block-separator has-alpha-channel-opacity\"\/>\n\n\n\n<h2 id=\"fruhjahrestagung-der-sgfm-2022\"><a href=\"https:\/\/medizincontroller.ch\/?page_id=2951\" data-type=\"URL\" data-id=\"https:\/\/medizincontroller.ch\/?page_id=2951\">Fr\u00fchjahrestagung der SGfM 2024<\/a><\/h2>\n\n\n\n<h3 id=\"ertragssteuerung-oder-medizinsteuerung-controlling-unter-swissdrg-tarpsy-und-st-reha\"><strong><em>Ambulantisierung und ambulante Tarife<\/em><\/strong> <em>&nbsp;<\/em><\/h3>\n\n\n\n<p><em><strong>Datum und Durchf\u00fchrung<\/strong><br><\/em>Die Fr\u00fchjahrestagung der SGfM wird am&nbsp;<strong>3. Juni 2024<\/strong>&nbsp;im<strong> Luzerner Kantonsspital (LUKS)&nbsp;<\/strong>in Luzern stattfinden.<\/p>\n\n\n\n<hr class=\"wp-block-separator has-alpha-channel-opacity\"\/>\n\n\n\n<h2 id=\"fruhjahrestagung-der-sgfm-2022\"><a href=\"https:\/\/medizincontroller.ch\/?page_id=2597\">Fr\u00fchjahrestagung der SGfM 2023<\/a><\/h2>\n\n\n\n<h3 id=\"ertragssteuerung-oder-medizinsteuerung-controlling-unter-swissdrg-tarpsy-und-st-reha\"><strong><em>Digitalisierungsprojekte: Controlling &amp; Medizinsteuerung ambulant und station\u00e4r<\/em><\/strong> <em>&nbsp;<\/em><\/h3>\n\n\n\n<p><em><strong>Datum und Durchf\u00fchrung<\/strong><br><\/em>Die Fr\u00fchjahrestagung der SGfM wird am&nbsp;<strong>15. Juni 2023<\/strong>&nbsp;in der&nbsp;<strong>Unitobler&nbsp;<\/strong>in Bern stattfinden.<\/p>\n\n\n\n<hr class=\"wp-block-separator has-alpha-channel-opacity\"\/>\n\n\n\n<h2><a href=\"https:\/\/medizincontroller.ch\/?page_id=2646\">Jahrestagung der Plattform Qualit\u00e4tsmedizin Schweiz 2023<\/a><\/h2>\n\n\n\n<h3><strong><em>Qualit\u00e4t f\u00f6rdern statt Quantit\u00e4t steuern: Value based Versorgungs- und Versicherungsmodelle<\/em><\/strong><\/h3>\n\n\n\n<p><em><strong>Datum und Durchf\u00fchrung<\/strong><\/em><br>Die kommende Tagung der Plattform Qualit\u00e4tsmedizin Schweiz wird am&nbsp;<strong>16.<\/strong>&nbsp;<strong>November 2023<\/strong>&nbsp;im <strong>Theatersaal&nbsp;Hotel National<\/strong>&nbsp;in Bern stattfinden.<\/p>\n\n\n\n<hr class=\"wp-block-separator has-alpha-channel-opacity\"\/>\n\n\n\n<h2 id=\"fruhjahrestagung-der-sgfm-2022\"><a href=\"https:\/\/medizincontroller.ch\/?page_id=1412\" data-type=\"URL\" data-id=\"https:\/\/medizincontroller.ch\/?page_id=1412\"><strong>Fr\u00fchjahrestagung der SGfM 2022<\/strong><\/a><\/h2>\n\n\n\n<h3 id=\"ertragssteuerung-oder-medizinsteuerung-controlling-unter-swissdrg-tarpsy-und-st-reha\"><em><strong><strong>Ertragssteuerung oder Medizinsteuerung: Controlling unter SwissDRG, TARPSY und ST Reha<\/strong><\/strong><\/em><\/h3>\n\n\n\n<p><em><strong>Datum und Durchf\u00fchrung<\/strong><br><\/em>Die Fr\u00fchjahrestagung der SGfM wird am 30. Juni 2022 im Kursaal in Bern stattfinden.<em><br><\/em><\/p>\n\n\n\n<hr class=\"wp-block-separator has-alpha-channel-opacity\"\/>\n\n\n\n<h2 id=\"jahrestagung-der-plattform-qualitatsmedizin-schweiz-2022\"><a rel=\"noreferrer noopener\" href=\"https:\/\/www.qualitaetsmedizin.ch\/veranstaltung\/\" data-type=\"URL\" data-id=\"https:\/\/www.qualitaetsmedizin.ch\/veranstaltung\/\" target=\"_blank\">Jahrestagung der Plattform Qualit\u00e4tsmedizin Schweiz 2022<\/a><\/h2>\n\n\n\n<h3 id=\"value-based-healthcare-in-der-grund-und-zusatzversicherung-wo-liegt-der-mehrwert-fur-den-kunden-der-zukunft\"><em><strong>Value based healthcare in der Grund- und Zusatzversicherung: Wo liegt der Mehrwert f\u00fcr den Kunden der Zukunft?<\/strong><\/em><\/h3>\n\n\n\n<p><em><strong>Datum und Durchf\u00fchrung<\/strong><br><\/em>Die Jahrestagung der Plattform Qualit\u00e4tsmedizin Schweiz wird am 20. Oktober 2022 in Bern stattfinden.<em><br><\/em><\/p>\n\n\n\n<p><a href=\"https:\/\/www.qualitaetsmedizin.ch\/veranstaltung\/\" target=\"_blank\" rel=\"noreferrer noopener\">Anmeldung und Programm<\/a><\/p>\n\n\n\n<hr class=\"wp-block-separator has-css-opacity\"\/>\n\n\n\n<h2 id=\"sgmc-sgfm-herbstveranstaltung\"><a href=\"https:\/\/medizincontroller.ch\/?page_id=1258\">SGMC\/SGfM Herbstveranstaltung<\/a><\/h2>\n\n\n\n<h3 id=\"themen\"><em>Themen<\/em><\/h3>\n\n\n\n<ul><li><strong><strong>K\u00fcnstliche Intelligenz, der Weg in die Zukunft<\/strong><\/strong><\/li><li><strong><strong>Auswertung der Umfrage zur unabh\u00e4ngigen Schlichtungsstelle<\/strong><\/strong><\/li><li><strong><strong>Generalversammlung SGMC<\/strong><\/strong><\/li><\/ul>\n\n\n\n<p><em>Mittwoch, 27. Oktober 2021<br>Kursaal Bern<\/em><\/p>\n\n\n\n<p><a href=\"https:\/\/medizincontroller.ch\/?page_id=1258\">Anmeldung und Programm<\/a><\/p>\n\n\n\n<hr class=\"wp-block-separator has-css-opacity\"\/>\n\n\n\n<h2 id=\"sgfm-fruhjahrsmeeting-2021\"><a href=\"https:\/\/medizincontroller.ch\/?page_id=2309\">SGfM Fr\u00fchjahrsmeeting 2021<\/a><\/h2>\n\n\n\n<h3 id=\"swissdrg-als-treiber-der-digitalisierung-im-gesundheitswesen-smarte-tools-smarte-prozesse-schwarze-zahlen\"><em>SwissDRG als Treiber der Digitalisierung im Gesundheitswesen: <\/em><br><em>Smarte Tools, smarte Prozesse, schwarze Zahlen<\/em><\/h3>\n\n\n\n<h4 id=\"7-firmen-7-losungen-7-perspektiven\"> 7 Firmen &#8211; 7 L\u00f6sungen &#8211; 7 Perspektiven<\/h4>\n\n\n\n<p><strong>Neues Datum<\/strong><br>Mittwoch, 16. Juni 2021 ab 13 Uhr  bis 16:30 Uhr<br>digital via Zoom<\/p>\n\n\n\n<p><a rel=\"noreferrer noopener\" aria-label=\" (\u00f6ffnet in neuem Tab)\" href=\"https:\/\/docs.google.com\/forms\/d\/e\/1FAIpQLSd2tpgaGOwBOxwtRdnziKXY8cvAj_UrEilu26Cyv6XWh-KE1g\/viewform\" target=\"_blank\">Anmeldung<\/a> <br><a href=\"https:\/\/medizincontroller.ch\/wp-content\/uploads\/210616-Programm-SGfM-Fruehjahrstagung_final.pdf\" data-type=\"URL\" target=\"_blank\" rel=\"noreferrer noopener\">Programm<\/a><\/p>\n\n\n\n<hr class=\"wp-block-separator has-css-opacity\"\/>\n\n\n\n<h2 id=\"9-tagung-der-plattform-qualitatsmedizin-schweiz-2020\"><a href=\"https:\/\/medizincontroller.ch\/?page_id=1239\">9. Tagung der Plattform Qualit\u00e4tsmedizin Schweiz 2020<\/a><\/h2>\n\n\n\n<h3 id=\"mit-dem-neuen-qualitatsgesetz-zu-weniger-spitalern-und-mehr-qualitat\"><em>Mit dem neuen Qualit\u00e4tsgesetz <br>zu weniger Spit\u00e4lern und <br>mehr Qualit\u00e4t?<\/em><\/h3>\n\n\n\n<p><em><strong>Neues Datum<\/strong><br><em>Mittwoch, 02. Dezember 2020<br>Online&nbsp;\u00fcber&nbsp;Zoom&nbsp;und&nbsp;Livestream<\/em><\/em><\/p>\n\n\n\n<p><a rel=\"noreferrer noopener\" href=\"https:\/\/www.qualitaetsmedizin.ch\/veranstaltung\/\" target=\"_blank\">Anmeldung&nbsp;und&nbsp;Programm<\/a><\/p>\n\n\n\n<hr class=\"wp-block-separator has-css-opacity\"\/>\n\n\n\n<h2 id=\"dgfm-veranstaltungen-2020\">DGfM Veranstaltungen 2020<\/h2>\n\n\n\n<p><strong>20. Herbstsymposium der Deutschen Gesellschaft f\u00fcr Medizincontrolling vom 22. bis 24. September 2020:<br>die gr\u00f6\u00dfte Digitalkonferenz f\u00fcr Medizincontroller in Deutschland<\/strong><\/p>\n\n\n\n<ul><li>22. September 2020: Tag der Tools: Highlights f\u00fcr Medizincontroller zu \u201eControlling und Reporting des MDK-Verfahrens\u201c und \u201eQualit\u00e4tssicherung der Krankenhaus-Abrechnung\u201c<\/li><li>23. September 2020: Entgeltsystem Psychiatrie \/ Psychosomatik<\/li><li>24. September 2020: DRG-System<\/li><\/ul>\n\n\n\n<p>Weitere Informationen finden Sie auf der Homepage der DGfM unter&nbsp;<a href=\"http:\/\/www.herbstsymposium.de\/\" target=\"_blank\" rel=\"noreferrer noopener\">www.herbstsymposium.de<\/a>.&nbsp;Mitglieder des SGfM erhalten einen Nachlass auf die Teilnahmegeb\u00fchr.<\/p>\n\n\n\n<hr class=\"wp-block-separator has-css-opacity\"\/>\n\n\n\n<h2 id=\"sgmc-sgfm-herbstveranstaltung\"><a href=\"https:\/\/medizincontroller.ch\/?page_id=1258\">SGMC\/SGfM Herbstveranstaltung<\/a><\/h2>\n\n\n\n<h3 id=\"themen\"><em>Themen<\/em><\/h3>\n\n\n\n<ul><li><strong>TARPSY erste Erfahrungen<\/strong><\/li><li><strong>Pr\u00fcfung Leistungspflicht\/WZW Kritereien\/Datenannahmestelle<\/strong><\/li><li><strong>Aufgabenverteilung BfS \/ SwissDRG<\/strong><\/li><\/ul>\n\n\n\n<p><em>Donnerstag, 3. Oktober 2019<br>Kursaal Bern<\/em><\/p>\n\n\n\n<hr class=\"wp-block-separator has-css-opacity\"\/>\n\n\n\n<h2 id=\"sgfm-veranstaltung-2019\"><strong><a href=\"https:\/\/medizincontroller.ch\/?page_id=987\">SGfM Veranstaltung 2019<\/a><\/strong><\/h2>\n\n\n\n<h3 id=\"gemeinsamkeiten-und-unterschiede-zwischen-tarpsy-und-swissdrg\"><em>Gemeinsamkeiten und Unterschiede zwischen TARPSY und SwissDRG<\/em><\/h3>\n\n\n\n<p><strong>Ein Blick auf Kodierung, Fallabrechnung, ambulant vs. station\u00e4r und zuk\u00fcnftige Versorgungsstrukturen<\/strong><\/p>\n\n\n\n<p><em>Mittwoch, 26. Juni 2019, 13.30-16.20 Uhr<\/em><br><em>Kursaal Bern, Bellavista<\/em><\/p>\n\n\n\n<hr class=\"wp-block-separator has-css-opacity\"\/>\n\n\n\n<h2 id=\"qualitatsmedizin-schweiz-veranstaltung-2019\"><a href=\"https:\/\/medizincontroller.ch\/?page_id=1079\">Qualit\u00e4tsmedizin Schweiz Veranstaltung 2019<\/a><\/h2>\n\n\n\n<h3 id=\"fur-qualitat-mehr-bezahlen-ist-ein-teures-gesundheitswesen-immer-besser\"><em>F\u00fcr Qualit\u00e4t mehr bezahlen? &#8211;&nbsp;Ist ein teures Gesundheitswesen immer besser?<\/em><\/h3>\n\n\n\n<p><em>Donnerstag, 23. Mai 2019<\/em><br> <em>Szenario Kursaal Bern<\/em><\/p>\n\n\n\n<hr class=\"wp-block-separator has-css-opacity\"\/>\n\n\n\n<h2 id=\"weiterbildungen-formation\">Weiterbildungen \/ Formation<\/h2>\n\n\n\n<ul><li>Lehrgang Medizincontroller H+Bildung &nbsp;<a rel=\"noreferrer noopener\" aria-label=\" (\u00f6ffnet in neuem Tab)\" href=\"https:\/\/hplus-bildung.ch\/lehrgaenge-und-seminare\/medizincontrolling-mc\/mc-191\" target=\"_blank\">Details<\/a><\/li><li>Medizinische KodiererInnen mit eidg. Fachausweis <a rel=\"noreferrer noopener\" aria-label=\" (\u00f6ffnet in neuem Tab)\" href=\"https:\/\/hplus-bildung.ch\/lehrgaenge-und-seminare\/medizinische-kodierung-akutsomatik-fortgeschrittene-mkp\/mkp-191-pruefungsmodul\" target=\"_blank\">Details<\/a><\/li><li>Qualit\u00e4tsverantwortlicher im Gesundheitswesen <a href=\"https:\/\/hplus-bildung.ch\/lehrgaenge-und-seminare\/qualitaets-prozessmanagement-qpm\" target=\"_blank\" rel=\"noreferrer noopener\" aria-label=\" (\u00f6ffnet in neuem Tab)\">Details<\/a><\/li><\/ul>\n","protected":false},"excerpt":{"rendered":"<p>Herbsttagung der SGfM 2025 Technische Unterst\u00fctzung Medizinische Codierung Datum: 24. September 2025 Ort:H\u00f6rsaal A, Geb\u00e4ude Forschung und Lehre, Kinderspital Z\u00fcrichAugust-Forel-Strasse 518008 Z\u00fcrich Fr\u00fchjahrestagung der SGfM 2025 DRG-Systementwicklung &#8211; Herausforderung f\u00fcr die Leistungserbringer Datum: 3. Juni 2025 Ort:Luzerner Kantonsspital (LUKS)Spitalstrasse 346004 Luzern Jahrestagung der Plattform Qualit\u00e4tsmedizin Schweiz 2025 Qualit\u00e4tsvertr\u00e4ge und EFAS: Chancen f\u00fcr ein neues Qualit\u00e4tsbewusstsein? Datum: 19. November\u2026 <span class=\"read-more\"><a href=\"https:\/\/medizincontroller.ch\/?page_id=154\">Read More &raquo;<\/a><\/span><\/p>\n","protected":false},"author":1,"featured_media":0,"parent":0,"menu_order":0,"comment_status":"closed","ping_status":"open","template":"","meta":[],"_links":{"self":[{"href":"https:\/\/medizincontroller.ch\/index.php?rest_route=\/wp\/v2\/pages\/154"}],"collection":[{"href":"https:\/\/medizincontroller.ch\/index.php?rest_route=\/wp\/v2\/pages"}],"about":[{"href":"https:\/\/medizincontroller.ch\/index.php?rest_route=\/wp\/v2\/types\/page"}],"author":[{"embeddable":true,"href":"https:\/\/medizincontroller.ch\/index.php?rest_route=\/wp\/v2\/users\/1"}],"replies":[{"embeddable":true,"href":"https:\/\/medizincontroller.ch\/index.php?rest_route=%2Fwp%2Fv2%2Fcomments&post=154"}],"version-history":[{"count":183,"href":"https:\/\/medizincontroller.ch\/index.php?rest_route=\/wp\/v2\/pages\/154\/revisions"}],"predecessor-version":[{"id":3223,"href":"https:\/\/medizincontroller.ch\/index.php?rest_route=\/wp\/v2\/pages\/154\/revisions\/3223"}],"wp:attachment":[{"href":"https:\/\/medizincontroller.ch\/index.php?rest_route=%2Fwp%2Fv2%2Fmedia&parent=154"}],"curies":[{"name":"wp","href":"https:\/\/api.w.org\/{rel}","templated":true}]}}