{"id":15,"date":"2014-09-06T13:39:27","date_gmt":"2014-09-06T11:39:27","guid":{"rendered":"http:\/\/medizincontroller.ch\/?page_id=15"},"modified":"2014-11-07T11:23:16","modified_gmt":"2014-11-07T09:23:16","slug":"fortbildungen","status":"publish","type":"page","link":"https:\/\/medizincontroller.ch\/?page_id=15","title":{"rendered":"Archiv"},"content":{"rendered":"<p><b>Allgemeine Downloads<\/b><br \/>\n<a href=\"\/wp-content\/uploads\/Publikation_Nr.7_Medizincontrolling_in_der_CH.pdf\" target=\"_blank\">Medizincontrolling in der Schweiz<\/a><\/p>\n<p>&nbsp;<\/p>\n<p><strong>Kennzahlen &#8211; Benchmarks &#8211; Steuerungsinstrumente, 26.10.2014<\/strong>\u00a0<strong>in Bern<\/strong><\/p>\n<table width=\"873\">\n<tbody>\n<tr>\n<td width=\"411\"><a href=\"http:\/\/medizincontroller.ch\/wp-content\/uploads\/1_J\u00f6rk_Volbracht_Innovativer_Einsatz-_Daten_Medizincontrolling.pdf\" target=\"_blank\">Innovativer Einsatz von verf\u00fcgbaren Daten im Medizincontrolling<\/a><\/td>\n<td width=\"461\">J\u00f6rk Volbracht, Universit\u00e4tsspital Z\u00fcrich<\/td>\n<\/tr>\n<tr>\n<td width=\"411\"><a href=\"http:\/\/medizincontroller.ch\/wp-content\/uploads\/2_Tim_Peter_Interpretation_DRG_Kennzahlen.pdf\" target=\"_blank\">Interpretation von DRG-Kennzahlen im \u00fcberj\u00e4hrigen Vergleich<\/a><\/td>\n<td width=\"461\">Tim Peter, Eonum AG<\/td>\n<\/tr>\n<tr>\n<td width=\"411\"><a href=\"http:\/\/medizincontroller.ch\/wp-content\/uploads\/3_Daniel_Schmithausen_Modernes_Medizincontrolling_3M_SwissScoreCard.pdf\" target=\"_blank\">Modernes Medizincontrolling und Sicherstellen der Kodierqualit\u00e4t mit der 3M SwissScoreCard<\/a><\/td>\n<td width=\"461\">Daniel Schmithausen, 3M Health Information Systems<\/td>\n<\/tr>\n<tr>\n<td width=\"411\"><a href=\"http:\/\/medizincontroller.ch\/wp-content\/uploads\/4_Susann-Cathrin_Burde_Intelligente_Pr\u00fcfregeln_und_moderne_Simulationswerkzeuge.pdf\" target=\"_blank\">Der Einsatz intelligenter Pr\u00fcfregeln und moderner Simulationswerkzeuge zur Erl\u00f6ssicherung<\/a><\/td>\n<td width=\"461\">Susann-Cathrin Burde, ID Suisse AG<\/td>\n<\/tr>\n<tr>\n<td width=\"411\"><a href=\"http:\/\/medizincontroller.ch\/wp-content\/uploads\/5_Hans-Peter_M\u00fcnger_Finanzkennzahlen_\u00fcber_Leistungserbringer.pdf\" target=\"_blank\">Aussagekr\u00e4ftige Finanzkennzahlen \u00fcber Leistungserbringer<\/a><\/td>\n<td width=\"461\">Hans-Peter M\u00fcnger, Res Publica Consulting AG Bern<\/td>\n<\/tr>\n<tr>\n<td width=\"411\"><a href=\"http:\/\/medizincontroller.ch\/wp-content\/uploads\/6_Michael_Herzog_Steuerungsm\u00f6glichkeiten_im_Spitalumfeld.pdf\" target=\"_blank\">Steuerungsm\u00f6glichkeiten im Spitalumfeld<\/a><\/td>\n<td width=\"461\">Michael Herzog, KPMG International Cooperative<\/td>\n<\/tr>\n<\/tbody>\n<\/table>\n<p>&nbsp;<\/p>\n<p><strong>Gesteuerte Navigation: DRG Analysen und Spitalf\u00fchrung, 27.11.2013 in Bern<\/strong><\/p>\n<p><em>Pascal Aregger, Susanne Imhof, Hirslanden<br \/>\n<\/em><a href=\"http:\/\/medizincontroller.ch\/wp-content\/uploads\/Fortbildung_DRG_Analysen_-und_Spitalfuehrung_201131127_Bern_1_SGFM_Benchmarking_Controlling_Hirslanden.pdf\" target=\"_blank\">Benchmarking im Fokus von Controlling und Medizincontrolling<\/a><\/p>\n<p><em>Florian Leiprecht, PwC &amp; Universit\u00e4tsspital Basel<br \/>\n<\/em><a href=\"http:\/\/medizincontroller.ch\/wp-content\/uploads\/Fortbildung_DRG_Analysen_-und_Spitalfuehrung_201131127_Bern_2_SGfM_DRG_Analysen_USB_und_PwC.pdf\" target=\"_blank\">DRG-Analysen mit QlikView<\/a><\/p>\n<p><em>J\u00fcrg Zwahlen, Andreas Irion, Spitalregion Rheintal Werdenberg Sarganserland<br \/>\n<\/em><a href=\"http:\/\/medizincontroller.ch\/wp-content\/uploads\/Fortbildung_DRG_Analysen_-und_Spitalfuehrung_201131127_Bern_3_Controlling-Reporting_SGfM.pdf\" target=\"_blank\">Controlling\/Reporting im strategischen Wandel einer Spitalregion [das Data-Warehouse liefert (alles?)&#8230;. aber wer braucht was?]<\/a><\/p>\n<p><em>Andreas Gerhard, Malk Medizin Controlling AG<br \/>\n<\/em><a href=\"http:\/\/medizincontroller.ch\/wp-content\/uploads\/Fortbildung_DRG_Analysen_-und_Spitalfuehrung_201131127_Bern_4_Malk.pdf\" target=\"_blank\">Gesicherte Ertr\u00e4ge und reduzierte R\u00fcckweisungen unter SwissDRG 3<\/a><\/p>\n<p><em>Dr. med. Henrik Pfahler, INSELSPITAL, Universit\u00e4tsspital Bern, Carsten Birkner,\u00a0 INMED GmbH<br \/>\n<\/em><a href=\"http:\/\/medizincontroller.ch\/wp-content\/uploads\/Fortbildung_DRG_Analysen_-und_Spitalfuehrung_201131127_Bern_5_INMED-Insel_Vortrag_Positionierung_gesamt_Handzettel.pdf\" target=\"_blank\">Positionsbestimmung und aktive Routenplanung mittels Benchmarking &amp; Marktanalysen<\/a><\/p>\n<p><strong>Herbstmeeting 2012: Erste Erfahrungen mit Swiss DRG -wie weiter?<\/strong><\/p>\n<p><em>Frau Schneider, BAG<br \/>\n<\/em><a href=\"http:\/\/medizincontroller.ch\/wp-content\/uploads\/121023_Schneider_S.pdf\" target=\"_blank\">Gesetzlicher Rahmen f\u00fcr die Daten\u00fcbermittlung in einem\u00a0DRG-System<\/a><\/p>\n<p><em>Herr Peter, HEP &amp; Partner<br \/>\n<\/em><a href=\"http:\/\/medizincontroller.ch\/wp-content\/uploads\/121023_Peter_Ch.pdf\" target=\"_blank\">Datenschutz &#8211; Datenweitergabe aus Sicht der Spit\u00e4ler<\/a><\/p>\n<p><em>Herr Hofstetter, Helsana<br \/>\n<\/em><a href=\"http:\/\/medizincontroller.ch\/wp-content\/uploads\/121023_Hofstetter_JP.pdf\" target=\"_blank\">Die zertifizierte Datenannahmestelle im Kontext der\u00a0elektronischen Daten\u00fcbermittlung<\/a><\/p>\n<p><em>Herr Moser, CHUV<br \/>\n<\/em><a href=\"http:\/\/medizincontroller.ch\/wp-content\/uploads\/121023_Moser_G.pdf\" target=\"_blank\">Auswirkungen der SwissDRG auf die Spitalfinanzierung<\/a><\/p>\n<p><em>Frau Burde, ID Suisse<br \/>\n<\/em><a href=\"http:\/\/medizincontroller.ch\/wp-content\/uploads\/121023_Burde_S.pdf\" target=\"_blank\">Revisionsmanagement mit ID EFIX\u00ae 2012<\/a><\/p>\n<p><em>Herr M\u00fchlhauser, KS Baden<br \/>\n<\/em><a href=\"http:\/\/medizincontroller.ch\/wp-content\/uploads\/121023_Muehlhauser_T.pdf\" target=\"_blank\">Anfragen der Versicherer<\/a><\/p>\n<p><em>Herr Weber, SwissDRG<br \/>\n<\/em><a href=\"http:\/\/medizincontroller.ch\/wp-content\/uploads\/121023_Weber_A.pdf\" target=\"_blank\">Erste Erfahrungen und Anpassungen von Version 1.0 zu 2.0<\/a><\/p>\n<p><strong style=\"line-height: 1.4em;\">SGfM Tagung &#8222;Qualit\u00e4tsmedizin Schweiz Teil I SwissDRG, ANQ, Qualit\u00e4tslabel, Versorgungsforschung\u00a0<\/strong><strong style=\"line-height: 1.4em;\">&#8211; Welchen Beitrag leisten die einzelnen Akteure?&#8220;<\/strong><\/p>\n<p><em>Simon H\u00f6lzer<\/em>, <em>Pr\u00e4sident SGfM<br \/>\n<\/em><a href=\"http:\/\/medizincontroller.ch\/wp-content\/uploads\/0_SH.pdf\" target=\"_blank\">Begr\u00fcssung<\/a><\/p>\n<p><em>Ruth Humbel<\/em>, <em>Nationalr\u00e4tin<\/em><em><br \/>\n<\/em><a href=\"http:\/\/medizincontroller.ch\/wp-content\/uploads\/1_sgfm_Humbel14-09-02012.pdf\" target=\"_blank\">Die Spitalfinanzierung: Was der Gesetzgeber wollte und die Akteure tun<\/a><\/p>\n<p><em>Felix Schneuwly<\/em>, <em>Comparis.ch<br \/>\n<\/em> <a href=\"http:\/\/medizincontroller.ch\/wp-content\/uploads\/2_Q-Medizin_Consumer-Benefit_FS.pdf\" target=\"_blank\">Welchen Nutzen haben gesunde und kranke Versicherte<\/a><\/p>\n<p><em>Werner Widmer<\/em>, <em>Diakoniewerk Neum\u00fcnster<br \/>\n<\/em><a href=\"http:\/\/medizincontroller.ch\/wp-content\/uploads\/3_Weniger-(Medizin)-ist-mehr-(Qualit%C3%A4t).pdf\" target=\"_blank\">Weniger (Medizin) ist mehr (Qualit\u00e4t)<\/a><\/p>\n<p><em>Christoph Ramstein, VEDAG &#8211; Philipp Schneider, Berner Fachhochschule<br \/>\n<\/em> <a href=\"http:\/\/medizincontroller.ch\/wp-content\/uploads\/4_QBM_Pr%C3%A4sentation-14-09-2012_ps.pdf\" target=\"_blank\">Das VEDAG Qualit\u00e4ts Basis Modul (QBM) wie Qualit\u00e4t auch niederschwellig nachgewiesen werden kann<\/a><\/p>\n<p><em>Thomas Straubhaar<\/em>, <em>ANQ<\/em><br \/>\n<a href=\"http:\/\/medizincontroller.ch\/wp-content\/uploads\/5_Straubhaar_SGMI.pdf\" target=\"_blank\">Strategische Ausrichtung und k\u00fcnftige Ziele des ANQ<\/a><\/p>\n<p><em>Christopher Schmidt<\/em>, <em>SwissDRG AG<br \/>\n<\/em> <a href=\"http:\/\/medizincontroller.ch\/wp-content\/uploads\/6_120914-Qualit%C3%A4tsmedizin-cs.pdf\" target=\"_blank\">Qualit\u00e4tsf\u00f6rderung durch DRG Tarifstruktur und Regelwerk. Entwicklungen in CH und Erfahrungen aus D<\/a><\/p>\n<p><em>Peter Fischer, Lindenhof-Sonnenhof-Spitalgruppe<br \/>\n<\/em> <a href=\"http:\/\/medizincontroller.ch\/wp-content\/uploads\/7_120914_SGfM_Pr%C3%A4sentation_Peter_Fischer.pdf\" target=\"_blank\">Qualit\u00e4t: Defizite und mangelnde Transparenz &#8211; die Sicht der Krankenversicherer<\/a><\/p>\n<p><em>Igor Langer, Luzi Rageth, AQC<br \/>\n<\/em> <a href=\"http:\/\/medizincontroller.ch\/wp-content\/uploads\/8_prae1209praesentation_langer_rageth_sgfm.pdf\" target=\"_blank\">AQC &#8211; seit 1995 gelebte Qualit\u00e4tssicherung. Von \u00c4rzten f\u00fcr \u00c4rzte und Patienten&#8220;<\/a><\/p>\n<p><b>SGfM Fortbildung &#8222;Moderne Controlling- und Beratungsanz\u00e4tze vom 02.05.2012 in Bern<\/b><\/p>\n<p>S. H\u00f6lzer<br \/>\n<a href=\"http:\/\/medizincontroller.ch\/wp-content\/uploads\/0_Einf%C3%BChrung_Moderne-Controlling--und-Beratungsans%C3%A4tze.pdf\" target=\"_blank\">Einf\u00fchrung <\/a><\/p>\n<p>Susann-Cathrin Burde, ID Berlin<br \/>\n<a href=\"http:\/\/medizincontroller.ch\/wp-content\/uploads\/1_Burde_ID_SB_Analysen-des-Minimaldatensatzes-mit-hocheffizienten-Werkzeugen.pdf\" target=\"_blank\">Analysen des Minimaldatensatzes mit hocheffizienten Werkzeugen Software\u00a0verstehen und an eigene Anforderungen anpassen<\/a><\/p>\n<p>Thomas Holler, Kantonsspital Aarau AG<br \/>\n<a href=\"http:\/\/medizincontroller.ch\/wp-content\/uploads\/2_Holler_Medco_KSA_verblendet.pdf\" target=\"_blank\">Vorsprung durch Wissen! Am Beispiel SpitalBenchmark und OMI\u00a0(SwissDRG-basierte Management-Informationen)<\/a><\/p>\n<p>Stefan Stefaniak, Newtone Associates SA<br \/>\n<a href=\"http:\/\/medizincontroller.ch\/wp-content\/uploads\/3_Stefaniak-Pr%C3%A4sentation-Newtone,-12-05-02.pdf\" target=\"_blank\">Tools zur Leistungssteuerung und zur Einbindung aller Berufsgruppen in ein gemeinsames Unternehmensziel unter SwissDRG Best-practices f\u00fcr den COO<\/a><\/p>\n<p>Werner Keller, Keller Unternehmensberatung<br \/>\n<a href=\"http:\/\/medizincontroller.ch\/wp-content\/uploads\/4_Keller_SGfM-20120502-Handout-Keller(doppelseitig).pdf\" target=\"_blank\">Benchmarking-gest\u00fctztes Controlling<\/a><\/p>\n<p>Tobias Pfinninger , PwC<br \/>\n<a href=\"http:\/\/medizincontroller.ch\/wp-content\/uploads\/5_PWC.pdf\" target=\"_blank\">Kodierrevisionen und Medizincontrolling &#8211; Der externe Blickwinkel<\/a><\/p>\n<p>Marc Widmer, KPMG AG<br \/>\n<a href=\"http:\/\/medizincontroller.ch\/wp-content\/uploads\/6_Widmer_KPMG_Medizincontrolling_in_der_Zukunft_FINAL.pdf\" target=\"_blank\">Medizincontrolling in der Zukunft- Relevant f\u00fcr den Businessplan?<\/a><\/p>\n<p><b>Herbstmeeting 2011 &#8222;SwissDRG und deren Einf\u00fchrung per 01.01.2012&#8220;<\/b><\/p>\n<p>Grouper-Algorithmus und Definitions-Manual<br \/>\n<a href=\"http:\/\/medizincontroller.ch\/wp-content\/uploads\/01_111011-Herbstmeeting-SGMC-System.pdf\" target=\"_blank\">Alexander Weber, SwissDRG AG<\/a><\/p>\n<p>Webfeedback<br \/>\n<a href=\"http:\/\/medizincontroller.ch\/wp-content\/uploads\/02_111011-Herbstmeeting-SGMC-Webfeedback-DE.pdf\" target=\"_blank\">Alexander Weber, SwissDRG AG<\/a><\/p>\n<p>Vorbereitung der Spit\u00e4ler f\u00fcr SwissDRG 4<br \/>\n<a href=\"http:\/\/medizincontroller.ch\/wp-content\/uploads\/03_Althaus-SGMC-Meeting.pdf\" target=\"_blank\">Ursula Althaus, Unispital Basel<br \/>\n<\/a><a href=\"http:\/\/medizincontroller.ch\/wp-content\/uploads\/04_SGMC_20111011_Abshagen.pdf\" target=\"_blank\">Christian Abshagen, Unispital Basel<\/a><\/p>\n<p>Unterschiede von AP DRG, SwissDRG 0.3 und 1.0 auf Ebene des CMI und in Bezug auf unterschiedlich grosse Spit\u00e4ler<br \/>\n<a href=\"http:\/\/medizincontroller.ch\/wp-content\/uploads\/05_USZ-Volbracht.pdf\" target=\"_blank\">J\u00f6rk Volbracht,\u00a0Unispital Z\u00fcrich \/\u00a0Herv\u00e9 Guillain,\u00a0CHUV Lausanne<\/a><\/p>\n<p>DRG 2012: ready for take off oder kurz vor dem Grounding?<br \/>\n<a href=\"http:\/\/medizincontroller.ch\/wp-content\/uploads\/06_SGMC_SwissDRG_und_Einf%C3%BChrung_2012_Str%C3%BCwe.pdf\" target=\"_blank\">Wolfram Str\u00fcwe, Helsana<\/a><\/p>\n<p><b>Controllertagung vom 16.11.10, Hotel Allegro Bern<\/b><\/p>\n<p>Statements der Gesundheispolitik \/ Was sagt der Gesetzgeber<a href=\"http:\/\/medizincontroller.ch\/wp-content\/uploads\/Publikation_Nr.7_Medizincontrolling_in_der_CH.pdf\" target=\"_blank\"><br \/>\n<\/a><a href=\"http:\/\/medizincontroller.ch\/wp-content\/uploads\/1_1_Humbel.pdf\" target=\"_blank\">Frau Nationalr\u00e4tin Ruth Humbel<\/a><br \/>\n<a href=\"http:\/\/medizincontroller.ch\/wp-content\/uploads\/1_2_Faller.pdf\" target=\"_blank\"> Herr Andreas Faller, Vizedirektor Bundesamt f\u00fcr Gesundheit<\/a><\/p>\n<p>Notwendige Qualit\u00e4t darstellen: Spit\u00e4tel sind gefordert<br \/>\n<a href=\"http:\/\/medizincontroller.ch\/wp-content\/uploads\/2_L%C3%BCthi_SQMH.pdf\" target=\"_blank\"> Hansj\u00f6rg L\u00fcth MPH, Gesch\u00e4ftsf\u00fchrer SQMH<\/a><br \/>\n<a href=\"http:\/\/medizincontroller.ch\/wp-content\/uploads\/2_L%C3%BCthi_SQMH.pdf\" target=\"_blank\"> Frau Dr. Francesca Guiliani, Vizepr\u00e4sidentin SQMH<\/a><\/p>\n<p>Notwendige Qualit\u00e4t darstellen: M\u00f6glichkeiten mit Routinedaten<br \/>\nProf. J\u00fcrgen Stausberg, Ludwig-Maximilians-Universit\u00e4t M\u00fcnchen (D)<br \/>\n<i>Es liegt keine Bewilligung zur Ver\u00f6ffentlichung vor<\/i><\/p>\n<p style=\"text-align: left;\">Patientenbefragung: ein Beitrag zur notwendigen Qualit\u00e4t<br \/>\n<a style=\"line-height: 1.4em;\" href=\"http:\/\/medizincontroller.ch\/wp-content\/uploads\/4_Holzer.pdf\" target=\"_blank\">Picker Studie Frau Dr. Barbara Holzer,<\/a><\/p>\n<p>MPH Klinik und Poliklinik f\u00fcr Innere Medizin, Universit\u00e4tsSpital Z\u00fcrich<\/p>\n<p>Marketing: Strategien f\u00fcr Spit\u00e4ler im Gesundheitsmarkt<br \/>\n<i>Es liegt keine Bewilligung zur Ver\u00f6ffentlichung vor, Auskunft erteilt<br \/>\n<\/i><a href=\"mailto:irmgard.benoelken@rotthaus.com\">irmgard.benoelken@rotthaus.com<\/a>.<\/p>\n<p style=\"text-align: left;\">Helios Qualit\u00e4tsberichte: Segen oder Fluch<br \/>\n<a href=\"http:\/\/medizincontroller.ch\/wp-content\/uploads\/6_Heberer.pdf\" target=\"_blank\"> Prof. Michael Heberer Unispital Basel, IQM und ANQ<\/a><\/p>\n<p>Mehr Geld f\u00fcr mehr Qualit\u00e4t? Sicht der Kostentr\u00e4ger<br \/>\n<a href=\"http:\/\/medizincontroller.ch\/wp-content\/uploads\/7_K%C3%BChne.pdf\" target=\"_blank\"> Dr. Ren\u00e9 K\u00fchne, Gesundheits\u00f6konomie\/-politik Helsana Versicherungen AG<\/a><\/p>\n<p><b>10. Fortbildung vom 10.02.2010, Universit\u00e4t Bern<\/b><\/p>\n<p><a href=\"http:\/\/medizincontroller.ch\/wp-content\/uploads\/Aus_Sicht__Finanzen_M._Scherer.pdf\" target=\"_blank\">Lernen aus APDRG f\u00fcr SwissDRG Sicht Finanzen<\/a><br \/>\n<a href=\"http:\/\/medizincontroller.ch\/wp-content\/uploads\/Aus_Sicht_Kodierung_A._Bollinger.pdf\" target=\"_blank\">Was lernen wir aus APDRG f\u00fcr die SwissDRGs? Aus der Sicht Kodierung<\/a><br \/>\n<a href=\"http:\/\/medizincontroller.ch\/wp-content\/uploads\/Aus_Sicht_APDRG_J.C._Rey.pdf\" target=\"_blank\">Was lernen wir aus der Erfahrung mit APDRG f\u00fcr SwissDRG?<\/a><\/p>\n<p><b>Controllertagung vom 18.06.09, Inselspital Bern<\/b><\/p>\n<p><a href=\"http:\/\/medizincontroller.ch\/wp-content\/uploads\/1_Klinischer_Test_fur_die_Einfuhrung_von_DRGs_Heberer__Kompatibilitatsmodus_.pdf\" target=\"_blank\">Klinischer Test f\u00fcr die Einf\u00fchrung von DRGs, Prof. Dr. Michael Heberer<\/a><\/p>\n<p><a href=\"http:\/\/medizincontroller.ch\/wp-content\/uploads\/2_DRG_Controlling_seitens_der_Versicherer_Rolf_Schmidiger_suva.pdf\" target=\"_blank\">DRG\u00a0 Controlling seitens der Versicherer, Rolf Schmidiger<\/a><\/p>\n<p><a href=\"http:\/\/medizincontroller.ch\/wp-content\/uploads\/3_Klinische_DRG_Erfahrungen_in_Deutschland_Koninger__Kompatibilitatsmodus_.pdf\" target=\"_blank\">Klinische DRG Erfahrungen in Deutschland, Hubert K\u00f6ninger<\/a><\/p>\n<p><a href=\"http:\/\/medizincontroller.ch\/wp-content\/uploads\/4_DRGs_und_Rechnungsprufung_Horndasch__Kompatibilitatsmodus_.pdf\" target=\"_blank\">DRGs und Rechnungspr\u00fcfung, E. Horndasch<\/a><\/p>\n<p><a href=\"http:\/\/medizincontroller.ch\/wp-content\/uploads\/5_Finanzielle_Fuhrung_eines_Unispitals_Letsch__Kompatibilitatsmodus_.pdf\" target=\"_blank\">Finanzielle F\u00fchrung eines Universit\u00e4tsspitals (Z\u00fcrich), Bruno Letsch<\/a><\/p>\n<p><a href=\"http:\/\/medizincontroller.ch\/wp-content\/uploads\/6_Einfuhrung_eines_Controllingsystems_unter_DRG_CHUV__Kompatibilitatsmodus_.pdf\" target=\"_blank\">Einf\u00fchrung eines spitalweiten Controllingsystems unter DRG, Unispital Lausanne Oliver<\/a><br \/>\n<a href=\"http:\/\/medizincontroller.ch\/wp-content\/uploads\/6_Einfuhrung_eines_Controllingsystems_unter_DRG_CHUV__Kompatibilitatsmodus_.pdf\" target=\"_blank\">Peters, Stephane Johner, Herv\u00e9 Guillain<\/a><\/p>\n<p><a href=\"http:\/\/medizincontroller.ch\/wp-content\/uploads\/html\/controllertagung_fotos.html\">Bildergalerie<\/a><\/p>\n<p><b>9. Fortbildung vom 25.03.09, Universit\u00e4tsspital Basel<\/b><\/p>\n<p><a href=\"http:\/\/medizincontroller.ch\/wp-content\/uploads\/SGfM_20080325_Ebner.pdf\" target=\"_blank\">St. Ebner &#8211;\u00a0 Wie geht ein Privatspital mit den n neuen Anforderungen um?<\/a><\/p>\n<p><a href=\"http:\/\/medizincontroller.ch\/wp-content\/uploads\/SGfM20090325_BFS_Diebold_Kompatibilitatsmodus.pdf\" target=\"_blank\">M. Diebold &#8211; Was ist neu an den BfS-Statistiken?<\/a><\/p>\n<p><a href=\"http:\/\/medizincontroller.ch\/wp-content\/uploads\/Verordnungen_Kompatibilitatsmodus.pdf\" target=\"_blank\">BfS &#8211; Verordnungen<\/a><\/p>\n<p><a href=\"http:\/\/medizincontroller.ch\/wp-content\/uploads\/SGfM20090325_von_Allmen.pdf\" target=\"_blank\">T. von Allmen &#8211;\u00a0 Was macht der Kanton mit den Daten 2009 der neuen Statistik?<\/a><br \/>\n<a href=\"http:\/\/medizincontroller.ch\/wp-content\/uploads\/SGfM20090325_ZwahlenKompatibilitatsmodus.pdf\" target=\"_blank\"><br \/>\n<\/a><a href=\"http:\/\/medizincontroller.ch\/wp-content\/uploads\/SGfM20090325_ZwahlenKompatibilitatsmodus.pdf\" target=\"_blank\">J. Zwahlen &#8211;\u00a0 Datenstr\u00f6me koordinieren Aufgabe eines Finanzchefs<\/a><\/p>\n<p>&nbsp;<\/p>\n<p><b>8. Fortbildung vom 28.05.2008 in der Hirslanden Klinik Aarau<\/b><\/p>\n<p><a href=\"http:\/\/medizincontroller.ch\/wp-content\/uploads\/Prasentation_Straubhaar_28_05_08.pdf\" target=\"_blank\">Thomas Straubhaar &#8211; Der IVQ als nationale Q-Plattform<\/a><\/p>\n<p><a href=\"http:\/\/medizincontroller.ch\/wp-content\/uploads\/Prasentation_Steccanella_28_05_08.pdf\" target=\"_blank\">Stefan Steccanella &#8211; H+ qualit\u00e9 als nationale Qualit\u00e4ts-Branchenl\u00f6sung f\u00fcr Spit\u00e4ler<\/a><\/p>\n<p><a href=\"http:\/\/medizincontroller.ch\/wp-content\/uploads\/Prasentation_Gehrlach_neu_28_05_08.pdf\" target=\"_blank\">Christoph Gehrlach &#8211; Outcome-\/Ergebnisqualit\u00e4tsmessungen<\/a><\/p>\n<p>&nbsp;<\/p>\n<p><b>6. Fortbildungvom 19.06.2007 im Hotel Aarauerhof, Aarau<\/b><\/p>\n<p><a href=\"http:\/\/medizincontroller.ch\/wp-content\/uploads\/Kern_Agfa_Healthcare_-_Medizinische_Auswertungen_leicht_gemacht.pdf\" target=\"_blank\">Agfa HealthCare &#8211; Medizinische Auswertungen leicht gemacht<\/a><\/p>\n<p><a href=\"http:\/\/medizincontroller.ch\/wp-content\/uploads\/sumIT_AG_-_Flexible_Informationslogistik.pdf\" target=\"_blank\">sumIT AG &#8211; Flexible Informationslogistik<\/a><\/p>\n<p><a href=\"http:\/\/medizincontroller.ch\/wp-content\/uploads\/Flexreport_AG_-_Der_Weg_vom_klassischen_Reporting.pdf\" target=\"_blank\">Flexreport AG &#8211; Der Weg vom klassischen Reporting hin zum&#8230;<\/a><\/p>\n<p>&nbsp;<\/p>\n<p><b>5. Fortbildung vom 14.03.2007 im Universit\u00e4tsspital Z\u00fcrich<\/b><\/p>\n<p><a href=\"http:\/\/medizincontroller.ch\/wp-content\/uploads\/09_Muser_Martin_Controlling_und_Verrechnungssatze.pdf\" target=\"_blank\">Vortrag Martin Muser &#8211; Controlling und Verrechnungss\u00e4tze<\/a><\/p>\n<p><a href=\"http:\/\/medizincontroller.ch\/wp-content\/uploads\/02_Stelzer_Rainer_ICV_Praesentation.pdf\" target=\"_blank\">Rainer Stelzer &#8211; ICV Pr\u00e4sentation<\/a><\/p>\n<p><a href=\"http:\/\/medizincontroller.ch\/wp-content\/uploads\/03_Thurnheer_Rene_Vortrag__SGfM_ICV.pdf\" target=\"_blank\">Ren\u00e9 Turnheer &#8211; Die Leiden eines Finanzchefs im Spital<\/a><\/p>\n<p><a href=\"http:\/\/medizincontroller.ch\/wp-content\/uploads\/01_Holzer_Simon_Aufgaben_und_Ziele_SGfM.pdf\" target=\"_blank\">Simon H\u00f6lzer &#8211; Aufgaben und Ziele<\/a><\/p>\n<p><a href=\"http:\/\/medizincontroller.ch\/wp-content\/uploads\/06_Mueller_Klaus_Referat_DRG_und_Reha.pdf\" target=\"_blank\">Dr. Klaus M\u00fcller &#8211; DRG und Rehabilitation<\/a><\/p>\n<p><a href=\"http:\/\/medizincontroller.ch\/wp-content\/uploads\/08_Osswald_Beat_Referat_Controlling_und_Qualitat.pdf\" target=\"_blank\">Beat Osswald &#8211; Controlling und Qualit\u00e4t<\/a><\/p>\n<p><a href=\"http:\/\/medizincontroller.ch\/wp-content\/uploads\/html\/5_fortbildung_fotos.html\">Eindr\u00fccke\/Fotos<\/a><\/p>\n<p>&nbsp;<\/p>\n<p><b>2. Fortbildung vom 31.03.2006 in der Privatklinik Bethanien Z\u00fcrich<\/b><\/p>\n<p><a href=\"http:\/\/medizincontroller.ch\/wp-content\/uploads\/Vortrag_Dr_Indra.pdf\" target=\"_blank\">Vortrag Dr. Indra &#8211; SwissDRGs ein Who is who der Gewinner und Verlierer<\/a><\/p>\n<p><a href=\"http:\/\/medizincontroller.ch\/wp-content\/uploads\/Vortrag_Dr._Baller.pdf\" target=\"_blank\">Vortrag Dr. Sascha Baller &#8211; German-DRG Aufbau, Konstrukt und erste Erfahrungen<\/a><\/p>\n<p>&nbsp;<\/p>\n<p><b>1. Fortbildung vom 17.01.2006 im Kantosspital Winterthur<\/b><\/p>\n<p><a href=\"http:\/\/medizincontroller.ch\/wp-content\/uploads\/Prasentation_Fobi_17.01.06_KSW_Evangelista_TARMED-170106.pdf\" target=\"_blank\">Pr\u00e4sentation_Fobi_17.01.06_KSW_Evangelista_TARMED-170106.pdf<\/a><\/p>\n<p><a href=\"http:\/\/medizincontroller.ch\/wp-content\/uploads\/Notizen_pro_Folie_Vortrag_Evangelista.pdf\" target=\"_blank\">Notizen_pro_Folie_Vortrag_Evangelista.pdf<\/a><\/p>\n<p><a href=\"http:\/\/medizincontroller.ch\/wp-content\/uploads\/Prasentation_Fobi_17_01_06_KSW_MALK_Boll.pdf\" target=\"_blank\">Pr\u00e4sentation_Fobi_17 01 06_KSW_MALK_Boll.pdf<\/a><\/p>\n<p>&nbsp;<\/p>\n<p><i>Alle diese Dokumente unterliegen dem Urheberrecht (Copyright). Das Copyright f\u00fcr ver\u00f6ffentlichte von der SGfM selbst erstellte Objekte bleibt allein bei der SGfM. Es ist insbesondere nicht gestattet, ohne ausdr\u00fcckliche schriftliche Zustimmung solche Texte oder Teile darauf f\u00fcr gewerbliche Zwecke zu \u00fcbernehmen, zu \u00fcbersetzen, zu vervielf\u00e4ltigen auf Mikrofilm\/-fiche, in elektronische Systeme oder andere Websites einzuspeichern oder in irgendeiner Weise zu ver\u00e4ndern oder zug\u00e4nglich zu machen. Das Herunterladen oder Ausdrucken einzelner Seiten f\u00fcr den privaten Gebrauch ist gestattet. Die Genehmigung zur Publukation\u00a0der Inhalte kann die SGfM erteilen<\/i>.<\/p>\n","protected":false},"excerpt":{"rendered":"<p>Allgemeine Downloads Medizincontrolling in der Schweiz &nbsp; Kennzahlen &#8211; Benchmarks &#8211; Steuerungsinstrumente, 26.10.2014\u00a0in Bern Innovativer Einsatz von verf\u00fcgbaren Daten im Medizincontrolling J\u00f6rk Volbracht, Universit\u00e4tsspital Z\u00fcrich Interpretation von DRG-Kennzahlen im \u00fcberj\u00e4hrigen Vergleich Tim Peter, Eonum AG Modernes Medizincontrolling und Sicherstellen der Kodierqualit\u00e4t mit der 3M SwissScoreCard Daniel Schmithausen, 3M Health Information Systems Der Einsatz intelligenter Pr\u00fcfregeln und moderner Simulationswerkzeuge\u2026 <span class=\"read-more\"><a href=\"https:\/\/medizincontroller.ch\/?page_id=15\">Read More &raquo;<\/a><\/span><\/p>\n","protected":false},"author":1,"featured_media":0,"parent":0,"menu_order":0,"comment_status":"closed","ping_status":"open","template":"","meta":[],"_links":{"self":[{"href":"https:\/\/medizincontroller.ch\/index.php?rest_route=\/wp\/v2\/pages\/15"}],"collection":[{"href":"https:\/\/medizincontroller.ch\/index.php?rest_route=\/wp\/v2\/pages"}],"about":[{"href":"https:\/\/medizincontroller.ch\/index.php?rest_route=\/wp\/v2\/types\/page"}],"author":[{"embeddable":true,"href":"https:\/\/medizincontroller.ch\/index.php?rest_route=\/wp\/v2\/users\/1"}],"replies":[{"embeddable":true,"href":"https:\/\/medizincontroller.ch\/index.php?rest_route=%2Fwp%2Fv2%2Fcomments&post=15"}],"version-history":[{"count":25,"href":"https:\/\/medizincontroller.ch\/index.php?rest_route=\/wp\/v2\/pages\/15\/revisions"}],"predecessor-version":[{"id":268,"href":"https:\/\/medizincontroller.ch\/index.php?rest_route=\/wp\/v2\/pages\/15\/revisions\/268"}],"wp:attachment":[{"href":"https:\/\/medizincontroller.ch\/index.php?rest_route=%2Fwp%2Fv2%2Fmedia&parent=15"}],"curies":[{"name":"wp","href":"https:\/\/api.w.org\/{rel}","templated":true}]}}