{"id":1412,"date":"2019-12-19T10:03:07","date_gmt":"2019-12-19T08:03:07","guid":{"rendered":"https:\/\/medizincontroller.ch\/?page_id=1412"},"modified":"2022-07-12T11:48:09","modified_gmt":"2022-07-12T09:48:09","slug":"sgfm-tagung-2020","status":"publish","type":"page","link":"https:\/\/medizincontroller.ch\/?page_id=1412","title":{"rendered":"SGfM Fr\u00fchjahrsmeeting 2022"},"content":{"rendered":"\n<hr class=\"wp-block-separator has-css-opacity\"\/>\n\n\n\n<h2 id=\"block-48ec0da0-9cdf-41d5-877e-e87cf71fd67b\"><strong>Ertragssteuerung oder Medizinsteuerung:<\/strong> <br><em>Controlling unter SwissDRG<\/em>, <em>TARPSY und ST Reha<\/em><\/h2>\n\n\n\n<p><strong>Datum<br><\/strong>Donnerstag, <strong>30. Juni 2022<\/strong> ab 13 Uhr bis ca. 16:30 Uhr <strong>Alhambra<\/strong>, Uni Bern<\/p>\n\n\n\n<div style=\"height:8px\" aria-hidden=\"true\" class=\"wp-block-spacer\"><\/div>\n\n\n\n<a class=\"maxbutton-1 maxbutton maxbutton-test\" target=\"_blank\" rel=\"nofollow noopener\" href=\"https:\/\/medizincontroller.ch\/wp-content\/uploads\/220608-Programm-SGfM-Fruehjahrsmeeting-2022.pdf\" download=\"\"><span class='mb-text'>Programm<\/span><\/a>\n\n\n\n<h2><strong><em>Referate<\/em><\/strong><\/h2>\n\n\n\n<ul id=\"block-1c9501b6-6729-405b-927f-927f5a3993a8\"><li><strong>Martine Fallot<\/strong>, Direction des finances <strong>H\u00f4pitaux universitaires de Gen\u00e8ve HUG<\/strong><br><a rel=\"noreferrer noopener\" href=\"https:\/\/medizincontroller.ch\/wp-content\/uploads\/01_Martine_Fallot_HUG.pdf\" target=\"_blank\">Wichtige Schnittstellen zur akutstation\u00e4ren Behandlung in einem Unispital<\/a><\/li><li><strong>Dania Tremp<\/strong>, Projektleiterin \/ Rechtsdienst<strong> GDK<\/strong><br><a rel=\"noreferrer noopener\" href=\"https:\/\/medizincontroller.ch\/wp-content\/uploads\/02_Dania_Tremp_GDK.pdf\" target=\"_blank\">Empfehlungen der GDK zur Spitalplanung: Ein Update<\/a><\/li><li><strong>Samuel Noll<\/strong> und <strong>Johannes Kofler<\/strong>, Projektleiter <strong>SwissDRG AG<\/strong><br><a rel=\"noreferrer noopener\" href=\"https:\/\/medizincontroller.ch\/wp-content\/uploads\/03_Samuell_Noll_SwissDRG-2.pdf\" target=\"_blank\">Langfristige Ertragssteuerung im Medizincontrolling<\/a><\/li><li><strong>Rainer Braun<\/strong>, Leiter Operational Excellence im Gesundheitswesen <strong>PwC<\/strong><br><a rel=\"noreferrer noopener\" href=\"https:\/\/medizincontroller.ch\/wp-content\/uploads\/04_Rainer_Braun_PwC-1.pdf\" target=\"_blank\">Performance Management mit Spital-Kennzahlen: Was f\u00fcr wen?<\/a><\/li><li><strong>Dietmar Kr\u00e4mer<\/strong>, Leiter Medizinische Qualit\u00e4t und Entwicklung <strong>Kantonsspital Baselland<\/strong><br><a rel=\"noreferrer noopener\" href=\"https:\/\/medizincontroller.ch\/wp-content\/uploads\/05_Dietmar_Kraemer_KS_BL.pdf\" target=\"_blank\">Projekte in der Region Baselland: Wie wirkt sich smarter medicine auf Ertrag und Qualit\u00e4t aus?<\/a><\/li><li><strong>Mario Pietrini<\/strong>, Chief Medical Officer <strong>LUKS Gruppe<\/strong><br><a rel=\"noreferrer noopener\" href=\"https:\/\/medizincontroller.ch\/wp-content\/uploads\/06_Mario_Pietrini_LUKS.pdf\" target=\"_blank\">Performance Management in Zeiten von IVHSM und AVOS<\/a><\/li><\/ul>\n\n\n\n<hr class=\"wp-block-separator has-css-opacity\"\/>\n\n\n\n<h3 id=\"sgfm-fruhjahrsmeeting-2021\">SGFM Fr\u00fchjahrsmeeting 2021<\/h3>\n\n\n\n<h4 id=\"block-48ec0da0-9cdf-41d5-877e-e87cf71fd67b\">SwissDRG als Treiber der Digitalisierung im Gesundheitswesen: <br>Smarte Tools, smarte Prozesse, schwarze Zahlen<\/h4>\n\n\n\n<h4 id=\"7-firmen-7-losungen-7-perspektiven\"> <em>7 Firmen &#8211; 7 L\u00f6sungen &#8211; 7 Perspektiven<\/em><\/h4>\n\n\n\n<p><strong>Datum<\/strong><br>Mittwoch, 16. Juni 2021 ab 13 Uhr bis 16:30 Uhr<br>digital via Zoom<\/p>\n\n\n\n<br> <a class=\"maxbutton-1 maxbutton maxbutton-test\" target=\"_blank\" rel=\"nofollow noopener\" href=\"https:\/\/medizincontroller.ch\/wp-content\/uploads\/210616-Programm-SGfM-Fruehjahrstagung_final.pdf\" download=\"\"><span class='mb-text'>Programm<\/span><\/a><\/p>\n\n\n\n<h2 id=\"referate\"><strong><em>Referate<\/em><\/strong><\/h2>\n\n\n\n<ul><li><a href=\"mailto:sekretariat@medizincontroller.ch\" data-type=\"URL\">Digitalisierung f\u00fcr \u00c4rzte &#8211; Freund oder Feind? (auf Anfrage)<\/a><br>Prof. Dr. Jens Eckstein, <strong>Universit\u00e4tsspital Basel<\/strong><\/li><li><a rel=\"noreferrer noopener\" href=\"https:\/\/medizincontroller.ch\/wp-content\/uploads\/3M_sgfm21.pdf\" target=\"_blank\">Daten-basierte Kodierung im Hybridansatz<\/a><br>Astrik Jeitler &amp;  Kirsten Drohla<br>Weitere Information: <a rel=\"noreferrer noopener\" href=\"https:\/\/medizincontroller.ch\/wp-content\/uploads\/2021-06-18_3M_HIS_Anwenderbericht_SMARTE_AWB_AKK-Essen_mit-Stoerer_FINAL.pdf\" target=\"_blank\">Anwenderbericht AKK Essen<\/a>, <strong>3M Schweiz<\/strong><\/li><li><a rel=\"noreferrer noopener\" href=\"https:\/\/medizincontroller.ch\/wp-content\/uploads\/20210615_SGfM_CH_1.pdf\" target=\"_blank\">Freitextanalyse \u2013 L\u00f6sungen zur Kodierunterst\u00fctzung <\/a><br>Harald Kohlmann, Dr. Andr\u00e9 Sander<br>Weitere Information: <a rel=\"noreferrer noopener\" href=\"https:\/\/medizincontroller.ch\/wp-content\/uploads\/Anwenderbericht_USB_ID.pdf\" target=\"_blank\">Anwenderbericht USB<\/a>, <strong>ID Suisse AG<\/strong><\/li><li><a rel=\"noreferrer noopener\" href=\"https:\/\/medizincontroller.ch\/wp-content\/uploads\/eonum_sgfm21.pdf\" target=\"_blank\">Verweildauerprognosen<\/a><br>Tim Peter, <strong>eonum AG<\/strong><\/li><li><a rel=\"noreferrer noopener\" href=\"https:\/\/medizincontroller.ch\/wp-content\/uploads\/INMED_sgfm21.pdf\" target=\"_blank\">SMARTlize! &#8211; das Schweizer Sackmesser unter den Tools &#8211; kann mehr als simulieren<\/a><br>Carsten Birkner, <strong>INMED GmbH<\/strong><\/li><li><a rel=\"noreferrer noopener\" href=\"https:\/\/medizincontroller.ch\/wp-content\/uploads\/TIPLU_sgfm21.pdf\" target=\"_blank\">Zukunft der Abrechnung: Neueste Technologien als Schl\u00fcssen zur Automatisierung<\/a><br>Lennart Janzen, <strong>Tiplu GmbH<\/strong><\/li><li><a rel=\"noreferrer noopener\" href=\"https:\/\/medizincontroller.ch\/wp-content\/uploads\/SwissDRG_Nick_sgfm21.pdf\" target=\"_blank\">Datenplattform SwissDRG: Datenplausibilisierungen &#8211;  Dialog &#8211;  Feedback<\/a><br>Lukas Nick<strong>, SwissDRG AG<\/strong><\/li><li><a rel=\"noreferrer noopener\" href=\"mailto:sekretariat@medizincontroller.ch\" target=\"_blank\">Kostengewichte, Kennzahlen und Klinikeffekte: Zusammmenh\u00e4nge an Praxisbeispielen von TARPSY erl\u00e4utert (auf Anfrage)<\/a><br>Samuel Noll, <strong>SwissDRG AG<\/strong><\/li><\/ul>\n\n\n\n\n\n<p><\/p>\n","protected":false},"excerpt":{"rendered":"<p>Ertragssteuerung oder Medizinsteuerung: Controlling unter SwissDRG, TARPSY und ST Reha DatumDonnerstag, 30. Juni 2022 ab 13 Uhr bis ca. 16:30 Uhr Alhambra, Uni Bern Referate Martine Fallot, Direction des finances H\u00f4pitaux universitaires de Gen\u00e8ve HUGWichtige Schnittstellen zur akutstation\u00e4ren Behandlung in einem Unispital Dania Tremp, Projektleiterin \/ Rechtsdienst GDKEmpfehlungen der GDK zur Spitalplanung: Ein Update Samuel Noll und Johannes\u2026 <span class=\"read-more\"><a href=\"https:\/\/medizincontroller.ch\/?page_id=1412\">Read More &raquo;<\/a><\/span><\/p>\n","protected":false},"author":5,"featured_media":0,"parent":0,"menu_order":0,"comment_status":"closed","ping_status":"closed","template":"","meta":[],"_links":{"self":[{"href":"https:\/\/medizincontroller.ch\/index.php?rest_route=\/wp\/v2\/pages\/1412"}],"collection":[{"href":"https:\/\/medizincontroller.ch\/index.php?rest_route=\/wp\/v2\/pages"}],"about":[{"href":"https:\/\/medizincontroller.ch\/index.php?rest_route=\/wp\/v2\/types\/page"}],"author":[{"embeddable":true,"href":"https:\/\/medizincontroller.ch\/index.php?rest_route=\/wp\/v2\/users\/5"}],"replies":[{"embeddable":true,"href":"https:\/\/medizincontroller.ch\/index.php?rest_route=%2Fwp%2Fv2%2Fcomments&post=1412"}],"version-history":[{"count":93,"href":"https:\/\/medizincontroller.ch\/index.php?rest_route=\/wp\/v2\/pages\/1412\/revisions"}],"predecessor-version":[{"id":2573,"href":"https:\/\/medizincontroller.ch\/index.php?rest_route=\/wp\/v2\/pages\/1412\/revisions\/2573"}],"wp:attachment":[{"href":"https:\/\/medizincontroller.ch\/index.php?rest_route=%2Fwp%2Fv2%2Fmedia&parent=1412"}],"curies":[{"name":"wp","href":"https:\/\/api.w.org\/{rel}","templated":true}]}}