{"id":126,"date":"2014-09-09T20:09:53","date_gmt":"2014-09-09T18:09:53","guid":{"rendered":"http:\/\/medizincontroller.ch\/?page_id=126"},"modified":"2019-03-19T17:36:05","modified_gmt":"2019-03-19T15:36:05","slug":"verein","status":"publish","type":"page","link":"https:\/\/medizincontroller.ch\/?page_id=126","title":{"rendered":"Verein"},"content":{"rendered":"\n<p>Eine Mitgliedschaft in der SGfM hat u.a. folgende Vorteile:<\/p>\n\n\n\n<ul><li>Unkomplizierte Vernetzungsm\u00f6glichkeiten<\/li><li>Aktiver Erfahrungsaustausch mit Mitglieder und Experten aus dem erweiterten Bereich des Medizincontrollings, Qualit\u00e4ts- und Spitalmanagements.&nbsp;<\/li><li>Kostenloser Besuch der Fr\u00fchlingstagung und der Herbstfortbildung inkl. gedruckter und elektronischer Tagungsdokumentation<br>Erm\u00e4ssigung bei Veranstaltungen und Angeboten bei assoziierten Verb\u00e4nden<\/li><li>Regelm\u00e4ssige Fortbildungsveranstaltungen mit fach-spezifischen Themen rund ums Medizincontrolling, DRG, TARMED, REKOLE, Qualit\u00e4t, etc.<\/li><li>Verbilligte Teilnahmem\u00f6glichkeiten anderer Veranstaltungen im Gesundheitswesen<\/li><li>Internationaler Erfahrungsaustausch<\/li><li>Interessengemeinschaft im Medizincontrolling t\u00e4tiger Berufsgruppen<\/li><li>Newsletter-Service<\/li><li>Anlaufstelle f\u00fcr Ihre Anliegen<\/li><\/ul>\n","protected":false},"excerpt":{"rendered":"<p>Eine Mitgliedschaft in der SGfM hat u.a. folgende Vorteile: Unkomplizierte Vernetzungsm\u00f6glichkeiten Aktiver Erfahrungsaustausch mit Mitglieder und Experten aus dem erweiterten Bereich des Medizincontrollings, Qualit\u00e4ts- und Spitalmanagements.&nbsp; Kostenloser Besuch der Fr\u00fchlingstagung und der Herbstfortbildung inkl. gedruckter und elektronischer TagungsdokumentationErm\u00e4ssigung bei Veranstaltungen und Angeboten bei assoziierten Verb\u00e4nden Regelm\u00e4ssige Fortbildungsveranstaltungen mit fach-spezifischen Themen rund ums Medizincontrolling, DRG, TARMED, REKOLE, Qualit\u00e4t, etc.\u2026 <span class=\"read-more\"><a href=\"https:\/\/medizincontroller.ch\/?page_id=126\">Read More &raquo;<\/a><\/span><\/p>\n","protected":false},"author":1,"featured_media":0,"parent":0,"menu_order":0,"comment_status":"closed","ping_status":"open","template":"","meta":[],"_links":{"self":[{"href":"https:\/\/medizincontroller.ch\/index.php?rest_route=\/wp\/v2\/pages\/126"}],"collection":[{"href":"https:\/\/medizincontroller.ch\/index.php?rest_route=\/wp\/v2\/pages"}],"about":[{"href":"https:\/\/medizincontroller.ch\/index.php?rest_route=\/wp\/v2\/types\/page"}],"author":[{"embeddable":true,"href":"https:\/\/medizincontroller.ch\/index.php?rest_route=\/wp\/v2\/users\/1"}],"replies":[{"embeddable":true,"href":"https:\/\/medizincontroller.ch\/index.php?rest_route=%2Fwp%2Fv2%2Fcomments&post=126"}],"version-history":[{"count":4,"href":"https:\/\/medizincontroller.ch\/index.php?rest_route=\/wp\/v2\/pages\/126\/revisions"}],"predecessor-version":[{"id":1099,"href":"https:\/\/medizincontroller.ch\/index.php?rest_route=\/wp\/v2\/pages\/126\/revisions\/1099"}],"wp:attachment":[{"href":"https:\/\/medizincontroller.ch\/index.php?rest_route=%2Fwp%2Fv2%2Fmedia&parent=126"}],"curies":[{"name":"wp","href":"https:\/\/api.w.org\/{rel}","templated":true}]}}