{"id":111,"date":"2014-09-09T20:04:51","date_gmt":"2014-09-09T18:04:51","guid":{"rendered":"http:\/\/medizincontroller.ch\/?page_id=111"},"modified":"2025-08-12T15:02:19","modified_gmt":"2025-08-12T13:02:19","slug":"statuten","status":"publish","type":"page","link":"https:\/\/medizincontroller.ch\/?page_id=111","title":{"rendered":"Statuten"},"content":{"rendered":"<h2 style=\"color: #000000; text-align: center;\"><b>Vereinsstatuten der<br \/>\nSchweizerischen Gesellschaft f\u00fcr Medizincontrolling<\/b><\/h2>\n<p style=\"color: #000000; text-align: justify;\"><b>In diesem Text wird der Einfachheit halber nur die m\u00e4nnliche Form verwendet. Die weibliche Form ist selbstverst\u00e4ndlich immer mit eingeschlossen.<\/b><\/p>\n<p style=\"color: #000000; text-align: justify;\"><b>I. Name und Sitz, Ziele und Zweck, Erf\u00fcllung der Aufgaben<\/b><\/p>\n<p style=\"color: #000000; text-align: justify;\"><b><i>Art.\u00a01 Name und Sitz<\/i><\/b><\/p>\n<p style=\"color: #000000; text-align: justify;\">Unter dem Namen Schweizerische Gesellschaft f\u00fcr Medizincontrolling besteht ein Verein gem\u00e4ss den Bestimmungen Art. 60 ff. ZGB. Der Sitz des Vereins ist bei der Gesch\u00e4ftsstelle.<\/p>\n<p style=\"color: #000000; text-align: justify;\"><b><i>Art.\u00a02 Ziele und Zweck<\/i><\/b><\/p>\n<p style=\"color: #000000; text-align: justify;\">Die Schweizerische Gesellschaft f\u00fcr Medizincontrolling verfolgt ausschliesslich und unmittelbar nicht gewinnorientierte Zwecke.<\/p>\n<p style=\"color: #000000; text-align: justify;\">Ihre Zwecke sind:<\/p>\n<p style=\"color: #000000; text-align: justify;\">Die F\u00f6rderung und Weiterentwicklung des Medizincontrollings.<\/p>\n<ul style=\"color: #000000; text-align: justify;\">\n<li>F\u00f6rderung, Aus- und Weiterbildung der Medizincontroller.<\/li>\n<li>F\u00f6rderung der schweizerischen und internationalen Zusammenarbeit und die Verbesserung des Informationsaustausches der im Medizincontrolling T\u00e4tigen.<\/li>\n<li>Erarbeitung von Grundlagen und Empfehlungen f\u00fcr bedeutende Teilgebiete des Medizincontrollings.<\/li>\n<li>Unterst\u00fctzung bei der Umsetzung von \u00c4nderungen und Erneuerungen in den von Medizincontrolling relevanten Bereichen.<\/li>\n<\/ul>\n<p style=\"color: #000000; text-align: justify;\"><b><i>Art.\u00a03 Erf\u00fcllung der Aufgaben<\/i><\/b><\/p>\n<p style=\"color: #000000; text-align: justify;\">Die Schweizerische Gesellschaft der Medizincontroller erf\u00fcllt diese Aufgaben, indem sie<\/p>\n<ul style=\"color: #000000; text-align: justify;\">\n<li>regelm\u00e4ssig Veranstaltungen aller Art organisiert, die zum Einen den Mitgliedern der Gesellschaft Informationen zu aktuellen Themen in Form von Fachvortr\u00e4gen und zum Andern den Mitgliedern ein offenes Diskussions- und Informationsforum anbietet.<\/li>\n<li>den Mitgliedern Kurzprotokolle und weitere Informationen der Veranstaltungen und Informationen zum Medizincontrolling zur Verf\u00fcgung stellt.<\/li>\n<li>sich im Meinungsbildungsprozess engagiert und Empfehlungen abgibt.<\/li>\n<\/ul>\n<p style=\"color: #000000; text-align: justify;\"><b>II. Mitgliedschaft<\/b><\/p>\n<p style=\"color: #000000; text-align: justify;\"><b><i>Art.\u00a04 Erwerb der Mitgliedschaft<\/i><\/b><\/p>\n<p style=\"color: #000000; text-align: justify;\">Mitglieder<\/p>\n<p style=\"color: #000000; text-align: justify;\">Die Mitgliedschaft wird auf Antrag erworben.<\/p>\n<ul style=\"color: #000000; text-align: justify;\">\n<li>Nat\u00fcrliche und juristische Personen, welche im Medizincontrolling t\u00e4tig sind, k\u00f6nnen auf Gesuch hin als Vereinsmitglieder aufgenommen werden.<\/li>\n<li>Der Antrag bedarf der Unterschrift des Antragstellers.<\/li>\n<li>\u00dcber den Antrag entscheidet der Vorstand nach freiem Ermessen.<\/li>\n<\/ul>\n<p style=\"color: #000000; text-align: justify;\"><b><i>Art.\u00a05 Rechte und Pflichten der Mitglieder<\/i><\/b><\/p>\n<p style=\"color: #000000; text-align: justify;\">Die Mitglieder sind nach den Bestimmungen dieser Statuten in der Vereinsversammlung stimm- und wahlberechtigt sowie berechtigt, Antr\u00e4ge zu stellen.<\/p>\n<p style=\"color: #000000; text-align: justify;\"><b><i>Art.\u00a06 Erl\u00f6schen der Mitgliedschaft<\/i><\/b><\/p>\n<p style=\"color: #000000; text-align: justify;\">Die Mitgliedschaft erlischt<\/p>\n<ul style=\"color: #000000; text-align: justify;\">\n<li>durch den Tod.<\/li>\n<li>durch Austritt. Dieser ist schriftlich gegen\u00fcber einem vertretungsbedingten Vorstandsmitglied mit einer Frist von drei Monaten zum Ende eines Gesch\u00e4ftsjahres zu erkl\u00e4ren.<\/li>\n<li>durch Ausschluss. Mitglieder, die durch ihr Verhalten Zweck und Ansehen der Gesellschaft sch\u00e4digen, k\u00f6nnen durch Beschluss des Vorstandes mit einfacher Mehrheit ausgeschlossen werden.<\/li>\n<li>durch R\u00fcckstand bei der Zahlung der Mitgliederbeitr\u00e4ge von mindestens 6 Monaten.<\/li>\n<\/ul>\n<p style=\"color: #000000; text-align: justify;\"><b><i>Art.\u00a07 Anspruch auf das Vereinsverm\u00f6gen<\/i><\/b><\/p>\n<p style=\"color: #000000; text-align: justify;\">Jeder pers\u00f6nliche Anspruch der Vereinsmitglieder auf das Vereinsverm\u00f6gen ist ausgeschlossen.<\/p>\n<p style=\"color: #000000; text-align: justify;\"><b>III. Mittel<\/b><\/p>\n<p style=\"color: #000000; text-align: justify;\"><b><i>Art.\u00a08 Mitgliederbeitrag<\/i><\/b><\/p>\n<ul style=\"color: #000000; text-align: justify;\">\n<li>Jedes Mitglied ist zur Zahlung des j\u00e4hrlichen Mitgliederbeitrages verpflichtet. Die Vereinsversammlung legt die H\u00f6he des Beitrages fest. Die maximalen Mitgliederbeitr\u00e4ge betragen f\u00fcr nat\u00fcrliche Personen als Einzelmitglieder CHF 250.00 und CHF 2&#8217;500.00 f\u00fcr juristische Personen, Verwaltungen und \u00f6ffentlich-rechtliche Anstalten.<\/li>\n<li>Bei Vereinsbeitritt w\u00e4hrend des laufenden Vereinsjahres wird der Betrag jeweils pro Rata (viertelj\u00e4hrlich) erhoben.<\/li>\n<li>Austretende oder ausgeschlossene Vereinsmitglieder schulden ihren Mitgliederbeitrag bis zum Ende des laufenden Vereinsjahres.<\/li>\n<\/ul>\n<p style=\"color: #000000; text-align: justify;\"><b><i>Art.\u00a09 Weitere Mittel<\/i><\/b><\/p>\n<p style=\"color: #000000; text-align: justify;\">Weitere Mittel des Vereins werden aus durchgef\u00fchrten Veranstaltungen, durch private oder \u00f6ffentliche Beitr\u00e4ge und freiwillige Zuwendungen aller Art beschafft.<\/p>\n<p style=\"color: #000000; text-align: justify;\"><b><i>Art. 10 Haftung<\/i><\/b><\/p>\n<p style=\"color: #000000; text-align: justify;\">F\u00fcr die Verbindlichkeiten des Vereins haftet einzig das Vereinsverm\u00f6gen. Jede pers\u00f6nliche Haftung der Mitglieder f\u00fcr die Verbindlichkeiten des Vereins ist ausgeschlossen; f\u00fcr Personen, welche f\u00fcr den Verein handeln, bleibt Art. 55 Abs. 3 ZGB vorbehalten.<\/p>\n<p style=\"color: #000000; text-align: justify;\"><b>IV Organisation<\/b><\/p>\n<p style=\"color: #000000; text-align: justify;\"><b><i>Art. 11 Organe<\/i><\/b><\/p>\n<p style=\"color: #000000; text-align: justify;\">Die Organe des Vereins sind:<\/p>\n<ul style=\"color: #000000; text-align: justify;\">\n<li>die Vereinsversammlung<\/li>\n<li>der Vorstand<\/li>\n<li>die Revisionsstelle<\/li>\n<\/ul>\n<p style=\"color: #000000; text-align: justify;\"><b><i>Art. 12 Vereinsversammlung<\/i><\/b><\/p>\n<p style=\"color: #000000; text-align: justify;\">Die ordentliche Vereinsversammlung findet einmal j\u00e4hrlich statt. Der Pr\u00e4sident oder sein Stellvertreter beruft sie sp\u00e4testens 6 Wochen vorher unter Bekanntgabe der Traktanden schriftlich per Post oder per E-Mail ein (das Mitglied ist f\u00fcr die ordnungsgem\u00e4sse Empfangsm\u00f6glichkeit der E-Mail selber verantwortlich).<\/p>\n<ul style=\"color: #000000; text-align: justify;\">\n<li>Der Vorstand ist zur Einberufung einer ausserordentlichen Vereins-versammlung verpflichtet, wenn mindestens ein Drittel der Mitglieder dies schriftlich und mit einer Begr\u00fcndung versehen verlangt. Der Vorstand kann innerhalb einer Frist von vier Wochen eine ausserordentliche Vereinsversammlung unter Angabe der Traktanden einberufen.<\/li>\n<li>Antr\u00e4ge von Mitgliedern zur Traktandenliste m\u00fcssen bis sp\u00e4testens 4 Wochen vor der Vereinsversammlung beim Pr\u00e4sidenten schriftlich eingegangen sein.<\/li>\n<\/ul>\n<p style=\"color: #000000; text-align: justify;\"><b><i>Art. 13 Vorsitz<\/i><\/b><\/p>\n<ul style=\"color: #000000; text-align: justify;\">\n<li>Vorsitzender der Vereinsversammlung ist der Pr\u00e4sident und bei dessen Verhinderung ein anderes Mitglied des Vorstandes.<\/li>\n<li>Der Stimmenz\u00e4hler wird durch die Versammlung gew\u00e4hlt.<\/li>\n<li>Der Aktuar f\u00fchrt das Protokoll \u00fcber die von der Vereinsversammlung gefassten Beschl\u00fcsse und Wahlen. Das Protokoll ist vom Vorsitzenden und vom Aktuar zu unterzeichnen.<\/li>\n<\/ul>\n<p style=\"color: #000000; text-align: justify;\"><b><i>Art. 14 Beschlussf\u00e4higkeit<\/i><\/b><\/p>\n<p style=\"color: #000000; text-align: justify;\">Jede statutengem\u00e4ss einberufene Vereinsversammlung ist, unabh\u00e4ngig von der Zahl der anwesenden Mitglieder, beschlussf\u00e4hig.<\/p>\n<p style=\"color: #000000; text-align: justify;\"><b><i>Art. 15 Traktanden<\/i><\/b><\/p>\n<p style=\"color: #000000; text-align: justify;\">Beschl\u00fcsse k\u00f6nnen einzig \u00fcber die auf der Traktandenliste aufgef\u00fchrten Verhandlungsgegenst\u00e4nde sowie der fristgerecht eingesandten Antr\u00e4ge gefasst werden.<\/p>\n<p style=\"color: #000000; text-align: justify;\"><b><i>Art. 16 Stimmrecht<\/i><\/b><\/p>\n<p style=\"color: #000000; text-align: justify;\">Jedes Vereinsmitglied hat an der Vereinsversammlung eine Stimme. Das Stimmrecht der nat\u00fcrlichen Person kann nur pers\u00f6nlich ausge\u00fcbt werden.<\/p>\n<p style=\"color: #000000; text-align: justify;\"><b><i>Art. 17 Beschlussfassung<\/i><\/b><\/p>\n<ul style=\"color: #000000; text-align: justify;\">\n<li>Die Vereinsversammlung fasst ihre Beschl\u00fcsse mit der einfachen Mehrheit der abgegebenen Stimmen.<\/li>\n<li>Bei Stimmengleichheit entscheidet der Pr\u00e4sident.<\/li>\n<li>F\u00fcr die Aufl\u00f6sung des Vereins bedarf es einer Stimmenmehrheit von drei Vierteln der anwesenden Mitglieder.<\/li>\n<li>Wahlen und Abstimmungen erfolgen offen, sofern nicht geheime Stimmabgabe beschlossen wird.<\/li>\n<li>Mitglieder haben bei Beschl\u00fcssen, welche sie selbst betreffen, kein Stimmrecht.<\/li>\n<\/ul>\n<p style=\"color: #000000; text-align: justify;\"><b><i>Art. 18 Aufgaben der Vereinsversammlung<\/i><\/b><\/p>\n<p style=\"color: #000000; text-align: justify;\">Der ordentlichen Vereinsversammlung stehen folgende un\u00fcbertragbaren Aufgaben zu:<\/p>\n<ul style=\"color: #000000; text-align: justify;\">\n<li>Abnahme des Jahresberichtes und der Jahresrechnung sowie die Entlastung des Vorstandes und der Revisionsstelle.<\/li>\n<li>Festlegung des Jahresbeitrags und des Budgets.<\/li>\n<li>Wahl der Vorstandsmitglieder, Wahl des Pr\u00e4sidenten und Wahl der Revisionsstelle.<\/li>\n<li>Ab\u00e4nderung der Vereinsstatuten.<\/li>\n<li>Beschlussfassung \u00fcber alle Gegenst\u00e4nde der Traktandenliste.<\/li>\n<li>Beschlussfassung \u00fcber die Aufl\u00f6sung des Vereins und die Liquidation des Vereinsverm\u00f6gens.<\/li>\n<\/ul>\n<p style=\"color: #000000; text-align: justify;\"><b><i>Art. 19 Vorstand:<\/i><\/b><\/p>\n<ul style=\"color: #000000; text-align: justify;\">\n<li>Der Vorstand besteht aus dem Pr\u00e4sidenten und h\u00f6chstens weiteren 8 Mitgliedern und konstituiert sich selbst.<\/li>\n<li>Der Vorstand ist f\u00fcr alle operativen Angelegenheiten des Vereins zust\u00e4ndig, soweit sie nicht einem anderen Organ durch die Statuten zugewiesen sind. Im \u00dcbrigen gilt das Vorstandsreglement.<\/li>\n<\/ul>\n<p style=\"color: #000000; text-align: justify;\"><b><i>Art. 20 Amtsdauer<\/i><\/b><\/p>\n<p style=\"color: #000000; text-align: justify;\">Der Pr\u00e4sident sowie die \u00fcbrigen Vorstandsmitglieder werden f\u00fcr die Amtsdauer von 2 Jahren gew\u00e4hlt und sind wieder w\u00e4hlbar. Die Amtsdauer endet mit dem Tage der jeweiligen ordentlichen Vereinsversammlung. Werden w\u00e4hrend einer Amtsdauer Erg\u00e4nzungswahlen getroffen, so vollenden die Neugew\u00e4hlten die laufende Amtsperiode.<\/p>\n<p style=\"color: #000000; text-align: justify;\"><b><i>Art. 21 Revisionsstelle<\/i><\/b><\/p>\n<p style=\"color: #000000; text-align: justify;\">Die Revisionsstelle besteht aus zwei Revisoren oder einer Treuhandgesellschaft, die vom Vorstand unabh\u00e4ngig sein m\u00fcssen. Die Amtszeit betr\u00e4gt 1 Jahr<\/p>\n<p style=\"color: #000000; text-align: justify;\">Sie pr\u00fcft die Rechnungsf\u00fchrung des Vereins und erstattet j\u00e4hrlich zu Handen der Vereinsversammlung schriftlichen Bericht. Die Revisionsstelle erstattet der Vereinsversammlung einen Pr\u00fcfungsbericht und beantragt bei ordnungsgem\u00e4sser F\u00fchrung der Kassengesch\u00e4fte die Entlastung des Kassiers und der \u00fcbrigen Vorstandsmitglieder.<\/p>\n<p style=\"color: #000000; text-align: justify;\"><b><i>Art. 22 Gesch\u00e4ftsf\u00fchrer<\/i><\/b><\/p>\n<p style=\"color: #000000; text-align: justify;\">Der Gesch\u00e4ftsf\u00fchrer f\u00fchrt die operative Gesch\u00e4ftst\u00e4tigkeit im Auftrag des Vorstandes und wird vom Vorstand gew\u00e4hlt. Die Entsch\u00e4digung des Vorstands, der Gesch\u00e4ftsstelle und des Gesch\u00e4ftsf\u00fchrers wird im Budget transparent ausgewiesen.<\/p>\n<p style=\"color: #000000; text-align: justify;\"><b><i>Art. 23 Gesch\u00e4ftsjahr<\/i><\/b><\/p>\n<p style=\"color: #000000; text-align: justify;\">Das Gesch\u00e4ftsjahr ist das Kalenderjahr. Das erste Gesch\u00e4ftsjahr endet am 31. Dezember des dem Gr\u00fcndungsjahr folgenden Kalenderjahres. Der Vorstand hat bis zum 30. Juni jeden Jahres f\u00fcr das vergangene Gesch\u00e4ftsjahr den Jahresabschluss aufzustellen.<\/p>\n<p style=\"color: #000000; text-align: justify;\"><b>V. Schlussbestimmungen<\/b><\/p>\n<p style=\"color: #000000; text-align: justify;\"><b><i>Art. 24 Liquidation im Falle der Aufl\u00f6sung des Vereins<\/i><\/b><\/p>\n<p style=\"color: #000000; text-align: justify;\">Der Vorstand f\u00fchrt die Liquidation durch und erstellt einen Bericht und die Schlussabrechnung zu Handen der Vereinsversammlung. Ein allf\u00e4lliger Aktiven\u00fcberschuss ist einer von der Vereinsversammlung festzulegende, wegen Gemeinn\u00fctzigkeit oder \u00f6ffentlichem Zweck steuerbefreite juristische Person mit Sitz in der Schweiz mit gleichem oder \u00e4hnlichem Zweck zukommen zu lassen.<\/p>\n<p style=\"color: #000000; text-align: justify;\"><b><i>Art. 25 Mitteilungen an die Vereinsmitglieder<\/i><\/b><\/p>\n<p style=\"color: #000000; text-align: justify;\">Mitteilungen an die Vereinsmitglieder sind schriftlich per Post oder E-Mail an die dem Vorstand zuletzt mitgeteilte Adresse zuzustellen.<\/p>\n<p style=\"color: #000000; text-align: justify;\"><b><i>Art. 26 Allgemeines<\/i><\/b><\/p>\n<p style=\"color: #000000; text-align: justify;\">Es darf keine Person durch Ausgaben, die den Zwecken des Vereins fremd sind oder durch unverh\u00e4ltnism\u00e4ssig hohe Verg\u00fctungen beg\u00fcnstigt werden. Die Mitgliedschaft in der Schweizerischen Gesellschaft f\u00fcr Medizincontrolling darf nicht zu Werbezwecken verwendet werden.<\/p>\n<p style=\"color: #000000; text-align: justify;\"><b><i>Art. 27 Inkrafttreten<\/i><\/b><\/p>\n<p style=\"color: #000000; text-align: justify;\">Diese Statuten sind anl\u00e4sslich der Gr\u00fcndungsversammlung genehmigt und unverz\u00fcglich in Kraft gesetzt worden.<\/p>\n<p style=\"color: #000000; text-align: justify;\">Hierf\u00fcr zeichnen als Vertreter der Gesellschaft<\/p>\n<p style=\"color: #000000; text-align: justify;\">\u2026\u2026\u2026\u2026\u2026\u2026\u2026\u2026\u2026\u2026\u2026 \u2026\u2026\u2026\u2026\u2026\u2026\u2026\u2026\u2026\u2026\u2026 \u2026\u2026\u2026\u2026\u2026\u2026\u2026\u2026\u2026\u2026<\/p>\n<p style=\"text-align: justify;\">\n","protected":false},"excerpt":{"rendered":"<p>Vereinsstatuten der Schweizerischen Gesellschaft f\u00fcr Medizincontrolling In diesem Text wird der Einfachheit halber nur die m\u00e4nnliche Form verwendet. Die weibliche Form ist selbstverst\u00e4ndlich immer mit eingeschlossen. I. Name und Sitz, Ziele und Zweck, Erf\u00fcllung der Aufgaben Art.\u00a01 Name und Sitz Unter dem Namen Schweizerische Gesellschaft f\u00fcr Medizincontrolling besteht ein Verein gem\u00e4ss den Bestimmungen Art. 60 ff. ZGB. Der\u2026 <span class=\"read-more\"><a href=\"https:\/\/medizincontroller.ch\/?page_id=111\">Read More &raquo;<\/a><\/span><\/p>\n","protected":false},"author":1,"featured_media":0,"parent":0,"menu_order":0,"comment_status":"closed","ping_status":"open","template":"","meta":[],"_links":{"self":[{"href":"https:\/\/medizincontroller.ch\/index.php?rest_route=\/wp\/v2\/pages\/111"}],"collection":[{"href":"https:\/\/medizincontroller.ch\/index.php?rest_route=\/wp\/v2\/pages"}],"about":[{"href":"https:\/\/medizincontroller.ch\/index.php?rest_route=\/wp\/v2\/types\/page"}],"author":[{"embeddable":true,"href":"https:\/\/medizincontroller.ch\/index.php?rest_route=\/wp\/v2\/users\/1"}],"replies":[{"embeddable":true,"href":"https:\/\/medizincontroller.ch\/index.php?rest_route=%2Fwp%2Fv2%2Fcomments&post=111"}],"version-history":[{"count":5,"href":"https:\/\/medizincontroller.ch\/index.php?rest_route=\/wp\/v2\/pages\/111\/revisions"}],"predecessor-version":[{"id":3226,"href":"https:\/\/medizincontroller.ch\/index.php?rest_route=\/wp\/v2\/pages\/111\/revisions\/3226"}],"wp:attachment":[{"href":"https:\/\/medizincontroller.ch\/index.php?rest_route=%2Fwp%2Fv2%2Fmedia&parent=111"}],"curies":[{"name":"wp","href":"https:\/\/api.w.org\/{rel}","templated":true}]}}